{"id":476,"date":"2022-05-20T16:43:47","date_gmt":"2022-05-20T13:43:47","guid":{"rendered":"https:\/\/i.iletenmetalkaplama.com\/?page_id=476"},"modified":"2022-05-23T12:04:48","modified_gmt":"2022-05-23T09:04:48","slug":"kalite-politikasi","status":"publish","type":"page","link":"https:\/\/iletenmetalkaplama.com\/en\/kalite-politikasi\/","title":{"rendered":"Quality Policy"},"content":{"rendered":"<div data-elementor-type=\"wp-page\" data-elementor-id=\"476\" class=\"elementor elementor-476\">\n\t\t\t\t\t\t<div class=\"elementor-inner\">\n\t\t\t\t<div class=\"elementor-section-wrap\">\n\t\t\t\t\t\t\t\t\t<section class=\"elementor-section elementor-top-section elementor-element elementor-element-608dc444 elementor-section-boxed elementor-section-height-default elementor-section-height-default\" data-id=\"608dc444\" data-element_type=\"section\">\n\t\t\t\t\t\t<div class=\"elementor-container elementor-column-gap-default\">\n\t\t\t\t\t\t\t<div class=\"elementor-row\">\n\t\t\t\t\t<div class=\"aux-parallax-section elementor-column elementor-col-100 elementor-top-column elementor-element elementor-element-75cefe57\" data-id=\"75cefe57\" data-element_type=\"column\">\n\t\t\t<div class=\"elementor-column-wrap elementor-element-populated\">\n\t\t\t\t\t\t\t<div class=\"elementor-widget-wrap\">\n\t\t\t\t\t\t<div class=\"elementor-element elementor-element-40eb2e2f elementor-widget elementor-widget-text-editor\" data-id=\"40eb2e2f\" data-element_type=\"widget\" data-widget_type=\"text-editor.default\">\n\t\t\t\t<div class=\"elementor-widget-container\">\n\t\t\t\t\t\t\t\t<div class=\"elementor-text-editor elementor-clearfix\">\n\t\t\t\t<!-- wp:pdfemb\/pdf-embedder-viewer {\"pdfID\":458,\"url\":\"https:\/\/iletenmetalkaplama.com\/wp-content\/uploads\/2022\/05\/Kalite-Politikamiz.pdf\",\"width\":\"1000\",\"height\":\"auto\",\"toolbar\":\"none\",\"className\":\"pdf\"} -->\n<p class=\"wp-block-pdfemb-pdf-embedder-viewer pdf\"><\/p>\n<!-- \/wp:pdfemb\/pdf-embedder-viewer -->\n\n<!-- wp:paragraph -->\n<p><\/p>\n<!-- \/wp:paragraph -->\t\t\t\t\t<\/div>\n\t\t\t\t\t\t<\/div>\n\t\t\t\t<\/div>\n\t\t\t\t\t\t<\/div>\n\t\t\t\t\t<\/div>\n\t\t<\/div>\n\t\t\t\t\t\t\t\t<\/div>\n\t\t\t\t\t<\/div>\n\t\t<\/section>\n\t\t\t\t<section class=\"elementor-section elementor-top-section elementor-element elementor-element-f52af98 elementor-section-boxed elementor-section-height-default elementor-section-height-default\" data-id=\"f52af98\" data-element_type=\"section\">\n\t\t\t\t\t\t<div class=\"elementor-container elementor-column-gap-default\">\n\t\t\t\t\t\t\t<div class=\"elementor-row\">\n\t\t\t\t\t<div class=\"aux-parallax-section elementor-column elementor-col-100 elementor-top-column elementor-element elementor-element-9e78328\" data-id=\"9e78328\" data-element_type=\"column\">\n\t\t\t<div class=\"elementor-column-wrap elementor-element-populated\">\n\t\t\t\t\t\t\t<div class=\"elementor-widget-wrap\">\n\t\t\t\t\t\t<div class=\"elementor-element elementor-element-4898186 elementor-widget elementor-widget-pdfjs_viewer\" data-id=\"4898186\" data-element_type=\"widget\" data-widget_type=\"pdfjs_viewer.default\">\n\t\t\t\t<div class=\"elementor-widget-container\">\n\t\t\t<iframe src=\"https:\/\/iletenmetalkaplama.com\/wp-content\/plugins\/pdf-viewer-for-elementor\/assets\/pdfjs\/web\/viewer.html?file=https:\/\/iletenmetalkaplama.com\/wp-content\/uploads\/2022\/05\/Kalite-Politikamiz.pdf&amp;embedded=true\" style=\"display: block; margin-left: auto; margin-right: auto; width: 640px; height: 1020px;\" frameborder=\"1\" marginheight=\"0px\" marginwidth=\"0px\" allowfullscreen><\/iframe>\t\t<\/div>\n\t\t\t\t<\/div>\n\t\t\t\t<div class=\"elementor-element elementor-element-310a191 elementor-widget elementor-widget-pdfjs_viewer\" data-id=\"310a191\" data-element_type=\"widget\" data-widget_type=\"pdfjs_viewer.default\">\n\t\t\t\t<div class=\"elementor-widget-container\">\n\t\t\t<iframe src=\"https:\/\/iletenmetalkaplama.com\/wp-content\/plugins\/pdf-viewer-for-elementor\/assets\/pdfjs\/web\/viewer.html?file=https:\/\/iletenmetalkaplama.com\/wp-content\/uploads\/2022\/05\/Kalite-Politikamiz-1-1.pdf&amp;embedded=true\" style=\"display: block; margin-left: auto; margin-right: auto; width: 640px; height: 1020px;\" frameborder=\"1\" marginheight=\"0px\" marginwidth=\"0px\" allowfullscreen><\/iframe>\t\t<\/div>\n\t\t\t\t<\/div>\n\t\t\t\t\t\t<\/div>\n\t\t\t\t\t<\/div>\n\t\t<\/div>\n\t\t\t\t\t\t\t\t<\/div>\n\t\t\t\t\t<\/div>\n\t\t<\/section>\n\t\t\t\t\t\t\t\t\t<\/div>\n\t\t\t<\/div>\n\t\t\t\t\t<\/div>","protected":false},"excerpt":{"rendered":"","protected":false},"author":1,"featured_media":0,"parent":0,"menu_order":0,"comment_status":"closed","ping_status":"closed","template":"","meta":{"footnotes":""},"class_list":["post-476","page","type-page","status-publish","hentry"],"yoast_head":"<!-- This site is optimized with the Yoast SEO plugin v18.9 - https:\/\/yoast.com\/wordpress\/plugins\/seo\/ -->\n<title>Kalite Politikas\u0131 - \u0130leten Metal Kaplama M\u00fchendislik<\/title>\n<meta name=\"robots\" content=\"index, follow, max-snippet:-1, max-image-preview:large, max-video-preview:-1\" \/>\n<link rel=\"canonical\" href=\"https:\/\/iletenmetalkaplama.com\/en\/kalite-politikasi\/\" \/>\n<meta property=\"og:locale\" content=\"en_US\" \/>\n<meta property=\"og:type\" content=\"article\" \/>\n<meta property=\"og:title\" content=\"Kalite Politikas\u0131 - \u0130leten Metal Kaplama M\u00fchendislik\" \/>\n<meta property=\"og:url\" content=\"https:\/\/iletenmetalkaplama.com\/en\/kalite-politikasi\/\" \/>\n<meta property=\"og:site_name\" content=\"\u0130leten Metal Kaplama M\u00fchendislik\" \/>\n<meta property=\"article:modified_time\" content=\"2022-05-23T09:04:48+00:00\" \/>\n<meta name=\"twitter:card\" content=\"summary_large_image\" \/>\n<script type=\"application\/ld+json\" class=\"yoast-schema-graph\">{\"@context\":\"https:\/\/schema.org\",\"@graph\":[{\"@type\":\"WebSite\",\"@id\":\"https:\/\/iletenmetalkaplama.com\/#website\",\"url\":\"https:\/\/iletenmetalkaplama.com\/\",\"name\":\"\u0130leten Metal Kaplama M\u00fchendislik\",\"description\":\"\u0130leten Metal Kaplama M\u00fchendislik\",\"potentialAction\":[{\"@type\":\"SearchAction\",\"target\":{\"@type\":\"EntryPoint\",\"urlTemplate\":\"https:\/\/iletenmetalkaplama.com\/?s={search_term_string}\"},\"query-input\":\"required name=search_term_string\"}],\"inLanguage\":\"en-US\"},{\"@type\":\"WebPage\",\"@id\":\"https:\/\/iletenmetalkaplama.com\/kalite-politikasi\/#webpage\",\"url\":\"https:\/\/iletenmetalkaplama.com\/kalite-politikasi\/\",\"name\":\"Kalite Politikas\u0131 - \u0130leten Metal Kaplama M\u00fchendislik\",\"isPartOf\":{\"@id\":\"https:\/\/iletenmetalkaplama.com\/#website\"},\"datePublished\":\"2022-05-20T13:43:47+00:00\",\"dateModified\":\"2022-05-23T09:04:48+00:00\",\"breadcrumb\":{\"@id\":\"https:\/\/iletenmetalkaplama.com\/kalite-politikasi\/#breadcrumb\"},\"inLanguage\":\"en-US\",\"potentialAction\":[{\"@type\":\"ReadAction\",\"target\":[\"https:\/\/iletenmetalkaplama.com\/kalite-politikasi\/\"]}]},{\"@type\":\"BreadcrumbList\",\"@id\":\"https:\/\/iletenmetalkaplama.com\/kalite-politikasi\/#breadcrumb\",\"itemListElement\":[{\"@type\":\"ListItem\",\"position\":1,\"name\":\"Anasayfa\",\"item\":\"https:\/\/iletenmetalkaplama.com\/\"},{\"@type\":\"ListItem\",\"position\":2,\"name\":\"Kalite Politikas\u0131\"}]}]}<\/script>\n<!-- \/ Yoast SEO plugin. -->","yoast_head_json":{"title":"Kalite Politikas\u0131 - \u0130leten Metal Kaplama M\u00fchendislik","robots":{"index":"index","follow":"follow","max-snippet":"max-snippet:-1","max-image-preview":"max-image-preview:large","max-video-preview":"max-video-preview:-1"},"canonical":"https:\/\/iletenmetalkaplama.com\/en\/kalite-politikasi\/","og_locale":"en_US","og_type":"article","og_title":"Kalite Politikas\u0131 - \u0130leten Metal Kaplama M\u00fchendislik","og_url":"https:\/\/iletenmetalkaplama.com\/en\/kalite-politikasi\/","og_site_name":"\u0130leten Metal Kaplama M\u00fchendislik","article_modified_time":"2022-05-23T09:04:48+00:00","twitter_card":"summary_large_image","schema":{"@context":"https:\/\/schema.org","@graph":[{"@type":"WebSite","@id":"https:\/\/iletenmetalkaplama.com\/#website","url":"https:\/\/iletenmetalkaplama.com\/","name":"\u0130leten Metal Kaplama M\u00fchendislik","description":"\u0130leten Metal Kaplama M\u00fchendislik","potentialAction":[{"@type":"SearchAction","target":{"@type":"EntryPoint","urlTemplate":"https:\/\/iletenmetalkaplama.com\/?s={search_term_string}"},"query-input":"required name=search_term_string"}],"inLanguage":"en-US"},{"@type":"WebPage","@id":"https:\/\/iletenmetalkaplama.com\/kalite-politikasi\/#webpage","url":"https:\/\/iletenmetalkaplama.com\/kalite-politikasi\/","name":"Kalite Politikas\u0131 - \u0130leten Metal Kaplama M\u00fchendislik","isPartOf":{"@id":"https:\/\/iletenmetalkaplama.com\/#website"},"datePublished":"2022-05-20T13:43:47+00:00","dateModified":"2022-05-23T09:04:48+00:00","breadcrumb":{"@id":"https:\/\/iletenmetalkaplama.com\/kalite-politikasi\/#breadcrumb"},"inLanguage":"en-US","potentialAction":[{"@type":"ReadAction","target":["https:\/\/iletenmetalkaplama.com\/kalite-politikasi\/"]}]},{"@type":"BreadcrumbList","@id":"https:\/\/iletenmetalkaplama.com\/kalite-politikasi\/#breadcrumb","itemListElement":[{"@type":"ListItem","position":1,"name":"Anasayfa","item":"https:\/\/iletenmetalkaplama.com\/"},{"@type":"ListItem","position":2,"name":"Kalite Politikas\u0131"}]}]}},"_links":{"self":[{"href":"https:\/\/iletenmetalkaplama.com\/en\/wp-json\/wp\/v2\/pages\/476","targetHints":{"allow":["GET"]}}],"collection":[{"href":"https:\/\/iletenmetalkaplama.com\/en\/wp-json\/wp\/v2\/pages"}],"about":[{"href":"https:\/\/iletenmetalkaplama.com\/en\/wp-json\/wp\/v2\/types\/page"}],"author":[{"embeddable":true,"href":"https:\/\/iletenmetalkaplama.com\/en\/wp-json\/wp\/v2\/users\/1"}],"replies":[{"embeddable":true,"href":"https:\/\/iletenmetalkaplama.com\/en\/wp-json\/wp\/v2\/comments?post=476"}],"version-history":[{"count":19,"href":"https:\/\/iletenmetalkaplama.com\/en\/wp-json\/wp\/v2\/pages\/476\/revisions"}],"predecessor-version":[{"id":668,"href":"https:\/\/iletenmetalkaplama.com\/en\/wp-json\/wp\/v2\/pages\/476\/revisions\/668"}],"wp:attachment":[{"href":"https:\/\/iletenmetalkaplama.com\/en\/wp-json\/wp\/v2\/media?parent=476"}],"curies":[{"name":"wp","href":"https:\/\/api.w.org\/{rel}","templated":true}]}}