{"id":148,"date":"2022-05-18T17:12:47","date_gmt":"2022-05-18T14:12:47","guid":{"rendered":"https:\/\/i.iletenmetalkaplama.com\/?page_id=148"},"modified":"2022-05-25T14:27:25","modified_gmt":"2022-05-25T11:27:25","slug":"iaft-16949-2","status":"publish","type":"page","link":"https:\/\/iletenmetalkaplama.com\/en\/iaft-16949-2\/","title":{"rendered":"IAFT 16949"},"content":{"rendered":"<div data-elementor-type=\"wp-page\" data-elementor-id=\"148\" class=\"elementor elementor-148\">\n\t\t\t\t\t\t<div class=\"elementor-inner\">\n\t\t\t\t<div class=\"elementor-section-wrap\">\n\t\t\t\t\t\t\t\t\t<section class=\"elementor-section elementor-top-section elementor-element elementor-element-6521d29 elementor-section-boxed elementor-section-height-default elementor-section-height-default\" data-id=\"6521d29\" data-element_type=\"section\">\n\t\t\t\t\t\t<div class=\"elementor-container elementor-column-gap-default\">\n\t\t\t\t\t\t\t<div class=\"elementor-row\">\n\t\t\t\t\t<div class=\"aux-parallax-section elementor-column elementor-col-100 elementor-top-column elementor-element elementor-element-0538476\" data-id=\"0538476\" data-element_type=\"column\">\n\t\t\t<div class=\"elementor-column-wrap elementor-element-populated\">\n\t\t\t\t\t\t\t<div class=\"elementor-widget-wrap\">\n\t\t\t\t\t\t<div class=\"elementor-element elementor-element-fe98a53 elementor-widget elementor-widget-pdfjs_viewer\" data-id=\"fe98a53\" data-element_type=\"widget\" data-widget_type=\"pdfjs_viewer.default\">\n\t\t\t\t<div class=\"elementor-widget-container\">\n\t\t\t<iframe src=\"https:\/\/iletenmetalkaplama.com\/wp-content\/plugins\/pdf-viewer-for-elementor\/assets\/pdfjs\/web\/viewer.html?file=https:\/\/iletenmetalkaplama.com\/wp-content\/uploads\/2022\/05\/laft-16949.pdf&amp;embedded=true\" style=\"display: block; margin-left: auto; margin-right: auto; width: 640px; height: 1020px;\" frameborder=\"1\" marginheight=\"0px\" marginwidth=\"0px\" allowfullscreen><\/iframe>\t\t<\/div>\n\t\t\t\t<\/div>\n\t\t\t\t\t\t<\/div>\n\t\t\t\t\t<\/div>\n\t\t<\/div>\n\t\t\t\t\t\t\t\t<\/div>\n\t\t\t\t\t<\/div>\n\t\t<\/section>\n\t\t\t\t\t\t\t\t\t<\/div>\n\t\t\t<\/div>\n\t\t\t\t\t<\/div>","protected":false},"excerpt":{"rendered":"","protected":false},"author":1,"featured_media":0,"parent":0,"menu_order":0,"comment_status":"closed","ping_status":"closed","template":"","meta":{"footnotes":""},"class_list":["post-148","page","type-page","status-publish","hentry"],"yoast_head":"<!-- This site is optimized with the Yoast SEO plugin v18.9 - https:\/\/yoast.com\/wordpress\/plugins\/seo\/ -->\n<title>IAFT 16949 - \u0130leten Metal Kaplama M\u00fchendislik<\/title>\n<meta name=\"robots\" content=\"index, follow, max-snippet:-1, max-image-preview:large, max-video-preview:-1\" \/>\n<link rel=\"canonical\" href=\"https:\/\/iletenmetalkaplama.com\/en\/iaft-16949-2\/\" \/>\n<meta property=\"og:locale\" content=\"en_US\" \/>\n<meta property=\"og:type\" content=\"article\" \/>\n<meta property=\"og:title\" content=\"IAFT 16949 - \u0130leten Metal Kaplama M\u00fchendislik\" \/>\n<meta property=\"og:url\" content=\"https:\/\/iletenmetalkaplama.com\/en\/iaft-16949-2\/\" \/>\n<meta property=\"og:site_name\" content=\"\u0130leten Metal Kaplama M\u00fchendislik\" \/>\n<meta property=\"article:modified_time\" content=\"2022-05-25T11:27:25+00:00\" \/>\n<meta name=\"twitter:card\" content=\"summary_large_image\" \/>\n<script type=\"application\/ld+json\" class=\"yoast-schema-graph\">{\"@context\":\"https:\/\/schema.org\",\"@graph\":[{\"@type\":\"WebSite\",\"@id\":\"https:\/\/iletenmetalkaplama.com\/#website\",\"url\":\"https:\/\/iletenmetalkaplama.com\/\",\"name\":\"\u0130leten Metal Kaplama M\u00fchendislik\",\"description\":\"\u0130leten Metal Kaplama M\u00fchendislik\",\"potentialAction\":[{\"@type\":\"SearchAction\",\"target\":{\"@type\":\"EntryPoint\",\"urlTemplate\":\"https:\/\/iletenmetalkaplama.com\/?s={search_term_string}\"},\"query-input\":\"required name=search_term_string\"}],\"inLanguage\":\"en-US\"},{\"@type\":\"WebPage\",\"@id\":\"https:\/\/iletenmetalkaplama.com\/iaft-16949-2\/#webpage\",\"url\":\"https:\/\/iletenmetalkaplama.com\/iaft-16949-2\/\",\"name\":\"IAFT 16949 - \u0130leten Metal Kaplama M\u00fchendislik\",\"isPartOf\":{\"@id\":\"https:\/\/iletenmetalkaplama.com\/#website\"},\"datePublished\":\"2022-05-18T14:12:47+00:00\",\"dateModified\":\"2022-05-25T11:27:25+00:00\",\"breadcrumb\":{\"@id\":\"https:\/\/iletenmetalkaplama.com\/iaft-16949-2\/#breadcrumb\"},\"inLanguage\":\"en-US\",\"potentialAction\":[{\"@type\":\"ReadAction\",\"target\":[\"https:\/\/iletenmetalkaplama.com\/iaft-16949-2\/\"]}]},{\"@type\":\"BreadcrumbList\",\"@id\":\"https:\/\/iletenmetalkaplama.com\/iaft-16949-2\/#breadcrumb\",\"itemListElement\":[{\"@type\":\"ListItem\",\"position\":1,\"name\":\"Anasayfa\",\"item\":\"https:\/\/iletenmetalkaplama.com\/\"},{\"@type\":\"ListItem\",\"position\":2,\"name\":\"IAFT 16949\"}]}]}<\/script>\n<!-- \/ Yoast SEO plugin. -->","yoast_head_json":{"title":"IAFT 16949 - \u0130leten Metal Kaplama M\u00fchendislik","robots":{"index":"index","follow":"follow","max-snippet":"max-snippet:-1","max-image-preview":"max-image-preview:large","max-video-preview":"max-video-preview:-1"},"canonical":"https:\/\/iletenmetalkaplama.com\/en\/iaft-16949-2\/","og_locale":"en_US","og_type":"article","og_title":"IAFT 16949 - \u0130leten Metal Kaplama M\u00fchendislik","og_url":"https:\/\/iletenmetalkaplama.com\/en\/iaft-16949-2\/","og_site_name":"\u0130leten Metal Kaplama M\u00fchendislik","article_modified_time":"2022-05-25T11:27:25+00:00","twitter_card":"summary_large_image","schema":{"@context":"https:\/\/schema.org","@graph":[{"@type":"WebSite","@id":"https:\/\/iletenmetalkaplama.com\/#website","url":"https:\/\/iletenmetalkaplama.com\/","name":"\u0130leten Metal Kaplama M\u00fchendislik","description":"\u0130leten Metal Kaplama M\u00fchendislik","potentialAction":[{"@type":"SearchAction","target":{"@type":"EntryPoint","urlTemplate":"https:\/\/iletenmetalkaplama.com\/?s={search_term_string}"},"query-input":"required name=search_term_string"}],"inLanguage":"en-US"},{"@type":"WebPage","@id":"https:\/\/iletenmetalkaplama.com\/iaft-16949-2\/#webpage","url":"https:\/\/iletenmetalkaplama.com\/iaft-16949-2\/","name":"IAFT 16949 - \u0130leten Metal Kaplama M\u00fchendislik","isPartOf":{"@id":"https:\/\/iletenmetalkaplama.com\/#website"},"datePublished":"2022-05-18T14:12:47+00:00","dateModified":"2022-05-25T11:27:25+00:00","breadcrumb":{"@id":"https:\/\/iletenmetalkaplama.com\/iaft-16949-2\/#breadcrumb"},"inLanguage":"en-US","potentialAction":[{"@type":"ReadAction","target":["https:\/\/iletenmetalkaplama.com\/iaft-16949-2\/"]}]},{"@type":"BreadcrumbList","@id":"https:\/\/iletenmetalkaplama.com\/iaft-16949-2\/#breadcrumb","itemListElement":[{"@type":"ListItem","position":1,"name":"Anasayfa","item":"https:\/\/iletenmetalkaplama.com\/"},{"@type":"ListItem","position":2,"name":"IAFT 16949"}]}]}},"_links":{"self":[{"href":"https:\/\/iletenmetalkaplama.com\/en\/wp-json\/wp\/v2\/pages\/148","targetHints":{"allow":["GET"]}}],"collection":[{"href":"https:\/\/iletenmetalkaplama.com\/en\/wp-json\/wp\/v2\/pages"}],"about":[{"href":"https:\/\/iletenmetalkaplama.com\/en\/wp-json\/wp\/v2\/types\/page"}],"author":[{"embeddable":true,"href":"https:\/\/iletenmetalkaplama.com\/en\/wp-json\/wp\/v2\/users\/1"}],"replies":[{"embeddable":true,"href":"https:\/\/iletenmetalkaplama.com\/en\/wp-json\/wp\/v2\/comments?post=148"}],"version-history":[{"count":7,"href":"https:\/\/iletenmetalkaplama.com\/en\/wp-json\/wp\/v2\/pages\/148\/revisions"}],"predecessor-version":[{"id":698,"href":"https:\/\/iletenmetalkaplama.com\/en\/wp-json\/wp\/v2\/pages\/148\/revisions\/698"}],"wp:attachment":[{"href":"https:\/\/iletenmetalkaplama.com\/en\/wp-json\/wp\/v2\/media?parent=148"}],"curies":[{"name":"wp","href":"https:\/\/api.w.org\/{rel}","templated":true}]}}