{"id":146,"date":"2022-05-18T17:12:47","date_gmt":"2022-05-18T14:12:47","guid":{"rendered":"https:\/\/i.iletenmetalkaplama.com\/?page_id=146"},"modified":"2022-05-23T10:09:15","modified_gmt":"2022-05-23T07:09:15","slug":"kalite-laboratuvari","status":"publish","type":"page","link":"https:\/\/iletenmetalkaplama.com\/en\/kalite-laboratuvari\/","title":{"rendered":"Quality Laboratory"},"content":{"rendered":"<div data-elementor-type=\"wp-page\" data-elementor-id=\"146\" class=\"elementor elementor-146\">\n\t\t\t\t\t\t<div class=\"elementor-inner\">\n\t\t\t\t<div class=\"elementor-section-wrap\">\n\t\t\t\t\t\t\t\t\t<section class=\"elementor-section elementor-top-section elementor-element elementor-element-16b09c7 elementor-section-boxed elementor-section-height-default elementor-section-height-default\" data-id=\"16b09c7\" data-element_type=\"section\">\n\t\t\t\t\t\t<div class=\"elementor-container elementor-column-gap-default\">\n\t\t\t\t\t\t\t<div class=\"elementor-row\">\n\t\t\t\t\t<div class=\"aux-parallax-section elementor-column elementor-col-33 elementor-top-column elementor-element elementor-element-f089dda\" data-id=\"f089dda\" data-element_type=\"column\">\n\t\t\t<div class=\"elementor-column-wrap elementor-element-populated\">\n\t\t\t\t\t\t\t<div class=\"elementor-widget-wrap\">\n\t\t\t\t\t\t<div class=\"elementor-element elementor-element-a3c5608 elementor-widget elementor-widget-image\" data-id=\"a3c5608\" data-element_type=\"widget\" data-widget_type=\"image.default\">\n\t\t\t\t<div class=\"elementor-widget-container\">\n\t\t\t\t\t\t\t\t<div class=\"elementor-image\">\n\t\t\t\t\t\t\t\t\t\t\t\t<img loading=\"lazy\" decoding=\"async\" width=\"359\" height=\"280\" src=\"https:\/\/iletenmetalkaplama.com\/wp-content\/uploads\/2022\/05\/lab1.jpg\" class=\"attachment-large size-large\" alt=\"\" \/>\t\t\t\t\t\t\t\t\t\t\t\t\t\t<\/div>\n\t\t\t\t\t\t<\/div>\n\t\t\t\t<\/div>\n\t\t\t\t\t\t<\/div>\n\t\t\t\t\t<\/div>\n\t\t<\/div>\n\t\t\t\t<div class=\"aux-parallax-section elementor-column elementor-col-66 elementor-top-column elementor-element elementor-element-a81483f\" data-id=\"a81483f\" data-element_type=\"column\">\n\t\t\t<div class=\"elementor-column-wrap elementor-element-populated\">\n\t\t\t\t\t\t\t<div class=\"elementor-widget-wrap\">\n\t\t\t\t\t\t<div class=\"elementor-element elementor-element-09aadc0 elementor-widget elementor-widget-heading\" data-id=\"09aadc0\" data-element_type=\"widget\" data-widget_type=\"heading.default\">\n\t\t\t\t<div class=\"elementor-widget-container\">\n\t\t\t<h3 class=\"elementor-heading-title elementor-size-default\">Coating THICKNESS MEASUREMENTS<\/h3>\t\t<\/div>\n\t\t\t\t<\/div>\n\t\t\t\t<div class=\"elementor-element elementor-element-e772f28 elementor-widget elementor-widget-text-editor\" data-id=\"e772f28\" data-element_type=\"widget\" data-widget_type=\"text-editor.default\">\n\t\t\t\t<div class=\"elementor-widget-container\">\n\t\t\t\t\t\t\t\t<div class=\"elementor-text-editor elementor-clearfix\">\n\t\t\t\t<p>Coating REMOVAL DAMAGE THICKNESS MEASUREMENTS ACCORDING TO EN ISO 2177 - COULOSCOPE DEVICE COATING THICKNESS MEASUREMENT ACCORDING TO ISO 3497 --- DESTRUCTIVE THICKNESS MEASUREMENTS- X-RAY DEVICE<\/p>\t\t\t\t\t<\/div>\n\t\t\t\t\t\t<\/div>\n\t\t\t\t<\/div>\n\t\t\t\t<div class=\"elementor-element elementor-element-3748b7b elementor-widget elementor-widget-heading\" data-id=\"3748b7b\" data-element_type=\"widget\" data-widget_type=\"heading.default\">\n\t\t\t\t<div class=\"elementor-widget-container\">\n\t\t\t<h3 class=\"elementor-heading-title elementor-size-default\">Coating CORROSION RESISTANCE TEST<\/h3>\t\t<\/div>\n\t\t\t\t<\/div>\n\t\t\t\t<div class=\"elementor-element elementor-element-1523a38 elementor-widget elementor-widget-text-editor\" data-id=\"1523a38\" data-element_type=\"widget\" data-widget_type=\"text-editor.default\">\n\t\t\t\t<div class=\"elementor-widget-container\">\n\t\t\t\t\t\t\t\t<div class=\"elementor-text-editor elementor-clearfix\">\n\t\t\t\t<p>According to ISO9227 and ASTM B117; Corrosion Resistance Tests of Zinc-Zinc Nickel Coating, Silver Coating, and Nickel Coating.<\/p>\t\t\t\t\t<\/div>\n\t\t\t\t\t\t<\/div>\n\t\t\t\t<\/div>\n\t\t\t\t<div class=\"elementor-element elementor-element-c0c913c elementor-widget elementor-widget-heading\" data-id=\"c0c913c\" data-element_type=\"widget\" data-widget_type=\"heading.default\">\n\t\t\t\t<div class=\"elementor-widget-container\">\n\t\t\t<h3 class=\"elementor-heading-title elementor-size-default\">HYDROGEN FRAGRANCE TEST<\/h3>\t\t<\/div>\n\t\t\t\t<\/div>\n\t\t\t\t<div class=\"elementor-element elementor-element-ddc5021 elementor-widget elementor-widget-text-editor\" data-id=\"ddc5021\" data-element_type=\"widget\" data-widget_type=\"text-editor.default\">\n\t\t\t\t<div class=\"elementor-widget-container\">\n\t\t\t\t\t\t\t\t<div class=\"elementor-text-editor elementor-clearfix\">\n\t\t\t\t<p>Tests are conducted in N\u00fcve, binder brand ovens by automotive standards at desired values.<\/p>\t\t\t\t\t<\/div>\n\t\t\t\t\t\t<\/div>\n\t\t\t\t<\/div>\n\t\t\t\t\t\t<\/div>\n\t\t\t\t\t<\/div>\n\t\t<\/div>\n\t\t\t\t\t\t\t\t<\/div>\n\t\t\t\t\t<\/div>\n\t\t<\/section>\n\t\t\t\t\t\t\t\t\t<\/div>\n\t\t\t<\/div>\n\t\t\t\t\t<\/div>","protected":false},"excerpt":{"rendered":"<p>KAPLAMA KALINLIK \u00d6L\u00c7\u00dcMLER\u0130 DIN EN ISO 2177&#8217;YE G\u00d6RE KAPLAMA S\u00d6KME TAHR\u0130BATLI KALINLIK \u00d6L\u00c7\u00dcMLER\u0130-COULOSCOPE C\u0130HAZI ISO 3497\u2019YE G\u00d6RE KAPLAMA KALINLIK \u00d6L\u00c7\u00dcM\u00dc&#8212; TAHR\u0130BATSIZ KALINLIK \u00d6L\u00c7\u00dcMLER\u0130- X-RAY C\u0130HAZI KAPLAMA KOROZYON D\u0130RENC\u0130 TEST\u0130 ISO9227 ve ASTM B117\u2019ye G\u00f6re; \u00c7inko-\u00c7inko Nikel Kaplamalar, G\u00fcm\u00fc\u015f Kaplama Ve Nikel Kaplamalar\u0131n Korozyon Diren\u00e7 Testleri. H\u0130DROJEN KIRILGANLI\u011eI TEST\u0130 N\u00fcve, binder marka f\u0131r\u0131nlar ile otomotiv standartlar\u0131na [&hellip;]<\/p>","protected":false},"author":1,"featured_media":0,"parent":0,"menu_order":0,"comment_status":"closed","ping_status":"closed","template":"","meta":{"footnotes":""},"class_list":["post-146","page","type-page","status-publish","hentry"],"yoast_head":"<!-- This site is optimized with the Yoast SEO plugin v18.9 - https:\/\/yoast.com\/wordpress\/plugins\/seo\/ -->\n<title>Kalite Laboratuvar\u0131 - \u0130leten Metal Kaplama M\u00fchendislik<\/title>\n<meta name=\"robots\" content=\"index, follow, max-snippet:-1, max-image-preview:large, max-video-preview:-1\" \/>\n<link rel=\"canonical\" href=\"https:\/\/iletenmetalkaplama.com\/en\/kalite-laboratuvari\/\" \/>\n<meta property=\"og:locale\" content=\"en_US\" \/>\n<meta property=\"og:type\" content=\"article\" \/>\n<meta property=\"og:title\" content=\"Kalite Laboratuvar\u0131 - \u0130leten Metal Kaplama M\u00fchendislik\" \/>\n<meta property=\"og:description\" content=\"KAPLAMA KALINLIK \u00d6L\u00c7\u00dcMLER\u0130 DIN EN ISO 2177&#8217;YE G\u00d6RE KAPLAMA S\u00d6KME TAHR\u0130BATLI KALINLIK \u00d6L\u00c7\u00dcMLER\u0130-COULOSCOPE C\u0130HAZI ISO 3497\u2019YE G\u00d6RE KAPLAMA KALINLIK \u00d6L\u00c7\u00dcM\u00dc&#8212; TAHR\u0130BATSIZ KALINLIK \u00d6L\u00c7\u00dcMLER\u0130- X-RAY C\u0130HAZI KAPLAMA KOROZYON D\u0130RENC\u0130 TEST\u0130 ISO9227 ve ASTM B117\u2019ye G\u00f6re; \u00c7inko-\u00c7inko Nikel Kaplamalar, G\u00fcm\u00fc\u015f Kaplama Ve Nikel Kaplamalar\u0131n Korozyon Diren\u00e7 Testleri. H\u0130DROJEN KIRILGANLI\u011eI TEST\u0130 N\u00fcve, binder marka f\u0131r\u0131nlar ile otomotiv standartlar\u0131na [&hellip;]\" \/>\n<meta property=\"og:url\" content=\"https:\/\/iletenmetalkaplama.com\/en\/kalite-laboratuvari\/\" \/>\n<meta property=\"og:site_name\" content=\"\u0130leten Metal Kaplama M\u00fchendislik\" \/>\n<meta property=\"article:modified_time\" content=\"2022-05-23T07:09:15+00:00\" \/>\n<meta property=\"og:image\" content=\"https:\/\/iletenmetalkaplama.com\/wp-content\/uploads\/2022\/05\/lab1.jpg\" \/>\n<meta name=\"twitter:card\" content=\"summary_large_image\" \/>\n<script type=\"application\/ld+json\" class=\"yoast-schema-graph\">{\"@context\":\"https:\/\/schema.org\",\"@graph\":[{\"@type\":\"WebSite\",\"@id\":\"https:\/\/iletenmetalkaplama.com\/#website\",\"url\":\"https:\/\/iletenmetalkaplama.com\/\",\"name\":\"\u0130leten Metal Kaplama M\u00fchendislik\",\"description\":\"\u0130leten Metal Kaplama M\u00fchendislik\",\"potentialAction\":[{\"@type\":\"SearchAction\",\"target\":{\"@type\":\"EntryPoint\",\"urlTemplate\":\"https:\/\/iletenmetalkaplama.com\/?s={search_term_string}\"},\"query-input\":\"required name=search_term_string\"}],\"inLanguage\":\"en-US\"},{\"@type\":\"ImageObject\",\"inLanguage\":\"en-US\",\"@id\":\"https:\/\/iletenmetalkaplama.com\/kalite-laboratuvari\/#primaryimage\",\"url\":\"https:\/\/iletenmetalkaplama.com\/wp-content\/uploads\/2022\/05\/lab1.jpg\",\"contentUrl\":\"https:\/\/iletenmetalkaplama.com\/wp-content\/uploads\/2022\/05\/lab1.jpg\",\"width\":359,\"height\":280},{\"@type\":\"WebPage\",\"@id\":\"https:\/\/iletenmetalkaplama.com\/kalite-laboratuvari\/#webpage\",\"url\":\"https:\/\/iletenmetalkaplama.com\/kalite-laboratuvari\/\",\"name\":\"Kalite Laboratuvar\u0131 - \u0130leten Metal Kaplama M\u00fchendislik\",\"isPartOf\":{\"@id\":\"https:\/\/iletenmetalkaplama.com\/#website\"},\"primaryImageOfPage\":{\"@id\":\"https:\/\/iletenmetalkaplama.com\/kalite-laboratuvari\/#primaryimage\"},\"datePublished\":\"2022-05-18T14:12:47+00:00\",\"dateModified\":\"2022-05-23T07:09:15+00:00\",\"breadcrumb\":{\"@id\":\"https:\/\/iletenmetalkaplama.com\/kalite-laboratuvari\/#breadcrumb\"},\"inLanguage\":\"en-US\",\"potentialAction\":[{\"@type\":\"ReadAction\",\"target\":[\"https:\/\/iletenmetalkaplama.com\/kalite-laboratuvari\/\"]}]},{\"@type\":\"BreadcrumbList\",\"@id\":\"https:\/\/iletenmetalkaplama.com\/kalite-laboratuvari\/#breadcrumb\",\"itemListElement\":[{\"@type\":\"ListItem\",\"position\":1,\"name\":\"Anasayfa\",\"item\":\"https:\/\/iletenmetalkaplama.com\/\"},{\"@type\":\"ListItem\",\"position\":2,\"name\":\"Kalite Laboratuvar\u0131\"}]}]}<\/script>\n<!-- \/ Yoast SEO plugin. -->","yoast_head_json":{"title":"Kalite Laboratuvar\u0131 - \u0130leten Metal Kaplama M\u00fchendislik","robots":{"index":"index","follow":"follow","max-snippet":"max-snippet:-1","max-image-preview":"max-image-preview:large","max-video-preview":"max-video-preview:-1"},"canonical":"https:\/\/iletenmetalkaplama.com\/en\/kalite-laboratuvari\/","og_locale":"en_US","og_type":"article","og_title":"Kalite Laboratuvar\u0131 - \u0130leten Metal Kaplama M\u00fchendislik","og_description":"KAPLAMA KALINLIK \u00d6L\u00c7\u00dcMLER\u0130 DIN EN ISO 2177&#8217;YE G\u00d6RE KAPLAMA S\u00d6KME TAHR\u0130BATLI KALINLIK \u00d6L\u00c7\u00dcMLER\u0130-COULOSCOPE C\u0130HAZI ISO 3497\u2019YE G\u00d6RE KAPLAMA KALINLIK \u00d6L\u00c7\u00dcM\u00dc&#8212; TAHR\u0130BATSIZ KALINLIK \u00d6L\u00c7\u00dcMLER\u0130- X-RAY C\u0130HAZI KAPLAMA KOROZYON D\u0130RENC\u0130 TEST\u0130 ISO9227 ve ASTM B117\u2019ye G\u00f6re; \u00c7inko-\u00c7inko Nikel Kaplamalar, G\u00fcm\u00fc\u015f Kaplama Ve Nikel Kaplamalar\u0131n Korozyon Diren\u00e7 Testleri. H\u0130DROJEN KIRILGANLI\u011eI TEST\u0130 N\u00fcve, binder marka f\u0131r\u0131nlar ile otomotiv standartlar\u0131na [&hellip;]","og_url":"https:\/\/iletenmetalkaplama.com\/en\/kalite-laboratuvari\/","og_site_name":"\u0130leten Metal Kaplama M\u00fchendislik","article_modified_time":"2022-05-23T07:09:15+00:00","og_image":[{"url":"https:\/\/iletenmetalkaplama.com\/wp-content\/uploads\/2022\/05\/lab1.jpg"}],"twitter_card":"summary_large_image","schema":{"@context":"https:\/\/schema.org","@graph":[{"@type":"WebSite","@id":"https:\/\/iletenmetalkaplama.com\/#website","url":"https:\/\/iletenmetalkaplama.com\/","name":"\u0130leten Metal Kaplama M\u00fchendislik","description":"\u0130leten Metal Kaplama M\u00fchendislik","potentialAction":[{"@type":"SearchAction","target":{"@type":"EntryPoint","urlTemplate":"https:\/\/iletenmetalkaplama.com\/?s={search_term_string}"},"query-input":"required name=search_term_string"}],"inLanguage":"en-US"},{"@type":"ImageObject","inLanguage":"en-US","@id":"https:\/\/iletenmetalkaplama.com\/kalite-laboratuvari\/#primaryimage","url":"https:\/\/iletenmetalkaplama.com\/wp-content\/uploads\/2022\/05\/lab1.jpg","contentUrl":"https:\/\/iletenmetalkaplama.com\/wp-content\/uploads\/2022\/05\/lab1.jpg","width":359,"height":280},{"@type":"WebPage","@id":"https:\/\/iletenmetalkaplama.com\/kalite-laboratuvari\/#webpage","url":"https:\/\/iletenmetalkaplama.com\/kalite-laboratuvari\/","name":"Kalite Laboratuvar\u0131 - \u0130leten Metal Kaplama M\u00fchendislik","isPartOf":{"@id":"https:\/\/iletenmetalkaplama.com\/#website"},"primaryImageOfPage":{"@id":"https:\/\/iletenmetalkaplama.com\/kalite-laboratuvari\/#primaryimage"},"datePublished":"2022-05-18T14:12:47+00:00","dateModified":"2022-05-23T07:09:15+00:00","breadcrumb":{"@id":"https:\/\/iletenmetalkaplama.com\/kalite-laboratuvari\/#breadcrumb"},"inLanguage":"en-US","potentialAction":[{"@type":"ReadAction","target":["https:\/\/iletenmetalkaplama.com\/kalite-laboratuvari\/"]}]},{"@type":"BreadcrumbList","@id":"https:\/\/iletenmetalkaplama.com\/kalite-laboratuvari\/#breadcrumb","itemListElement":[{"@type":"ListItem","position":1,"name":"Anasayfa","item":"https:\/\/iletenmetalkaplama.com\/"},{"@type":"ListItem","position":2,"name":"Kalite Laboratuvar\u0131"}]}]}},"_links":{"self":[{"href":"https:\/\/iletenmetalkaplama.com\/en\/wp-json\/wp\/v2\/pages\/146","targetHints":{"allow":["GET"]}}],"collection":[{"href":"https:\/\/iletenmetalkaplama.com\/en\/wp-json\/wp\/v2\/pages"}],"about":[{"href":"https:\/\/iletenmetalkaplama.com\/en\/wp-json\/wp\/v2\/types\/page"}],"author":[{"embeddable":true,"href":"https:\/\/iletenmetalkaplama.com\/en\/wp-json\/wp\/v2\/users\/1"}],"replies":[{"embeddable":true,"href":"https:\/\/iletenmetalkaplama.com\/en\/wp-json\/wp\/v2\/comments?post=146"}],"version-history":[{"count":4,"href":"https:\/\/iletenmetalkaplama.com\/en\/wp-json\/wp\/v2\/pages\/146\/revisions"}],"predecessor-version":[{"id":588,"href":"https:\/\/iletenmetalkaplama.com\/en\/wp-json\/wp\/v2\/pages\/146\/revisions\/588"}],"wp:attachment":[{"href":"https:\/\/iletenmetalkaplama.com\/en\/wp-json\/wp\/v2\/media?parent=146"}],"curies":[{"name":"wp","href":"https:\/\/api.w.org\/{rel}","templated":true}]}}