{"id":144,"date":"2022-05-18T17:12:47","date_gmt":"2022-05-18T14:12:47","guid":{"rendered":"https:\/\/i.iletenmetalkaplama.com\/?page_id=144"},"modified":"2022-05-23T10:00:08","modified_gmt":"2022-05-23T07:00:08","slug":"altin-kaplama","status":"publish","type":"page","link":"https:\/\/iletenmetalkaplama.com\/en\/altin-kaplama\/","title":{"rendered":"Gold Coating"},"content":{"rendered":"<div data-elementor-type=\"wp-page\" data-elementor-id=\"144\" class=\"elementor elementor-144\">\n\t\t\t\t\t\t<div class=\"elementor-inner\">\n\t\t\t\t<div class=\"elementor-section-wrap\">\n\t\t\t\t\t\t\t\t\t<section class=\"elementor-section elementor-top-section elementor-element elementor-element-aefd309 elementor-section-boxed elementor-section-height-default elementor-section-height-default\" data-id=\"aefd309\" data-element_type=\"section\">\n\t\t\t\t\t\t<div class=\"elementor-container elementor-column-gap-default\">\n\t\t\t\t\t\t\t<div class=\"elementor-row\">\n\t\t\t\t\t<div class=\"aux-parallax-section elementor-column elementor-col-33 elementor-top-column elementor-element elementor-element-a7554ac\" data-id=\"a7554ac\" data-element_type=\"column\">\n\t\t\t<div class=\"elementor-column-wrap elementor-element-populated\">\n\t\t\t\t\t\t\t<div class=\"elementor-widget-wrap\">\n\t\t\t\t\t\t<div class=\"elementor-element elementor-element-81f3d91 elementor-widget elementor-widget-aux_menu_box\" data-id=\"81f3d91\" data-element_type=\"widget\" data-widget_type=\"aux_menu_box.default\">\n\t\t\t\t<div class=\"elementor-widget-container\">\n\t\t\t<div class=\"aux-elementor-header-menu aux-nav-menu-element aux-nav-menu-element-81f3d91\"><div class=\"aux-burger-box\" data-target-panel=\"toggle-bar\" data-target-content=\".elementor-element-81f3d91 .aux-master-menu\"><div class=\"aux-burger aux-lite-small\"><span class=\"mid-line\"><\/span><\/div><\/div><!-- start master menu -->\n<nav id=\"master-menu-elementor-81f3d91\" class=\"menu-hizmetlerimiz-container\">\n\n\t<ul id=\"menu-hizmetlerimiz\" class=\"aux-master-menu aux-no-js aux-skin-classic aux-with-indicator aux-vertical\" data-type=\"vertical\"  data-switch-type=\"toggle\" data-switch-parent=\".elementor-element-81f3d91 .aux-toggle-menu-bar\" data-switch-width=\"768\"  >\n\t\t<!-- start single menu -->\n\t\t<li id=\"menu-item-609\" class=\"menu-item menu-item-type-post_type menu-item-object-page menu-item-609 aux-menu-depth-0 aux-menu-root-1 aux-menu-item\">\n\t\t\t<a href=\"https:\/\/iletenmetalkaplama.com\/en\/degresing\/\" class=\"aux-item-content\">\n\t\t\t\t<span class=\"aux-menu-label\">Degresing<\/span>\n\t\t\t<\/a>\n\t\t<\/li>\n\t\t<!-- end single menu -->\n\t\t<!-- start single menu -->\n\t\t<li id=\"menu-item-610\" class=\"menu-item menu-item-type-post_type menu-item-object-page menu-item-610 aux-menu-depth-0 aux-menu-root-2 aux-menu-item\">\n\t\t\t<a href=\"https:\/\/iletenmetalkaplama.com\/en\/?page_id=606\" class=\"aux-item-content\">\n\t\t\t\t<span class=\"aux-menu-label\">Electroless Nickel Coating<\/span>\n\t\t\t<\/a>\n\t\t<\/li>\n\t\t<!-- end single menu -->\n\t\t<!-- start single menu -->\n\t\t<li id=\"menu-item-530\" class=\"menu-item menu-item-type-post_type menu-item-object-page menu-item-530 aux-menu-depth-0 aux-menu-root-3 aux-menu-item\">\n\t\t\t<a href=\"https:\/\/iletenmetalkaplama.com\/en\/cinko-demir-kaplama\/\" class=\"aux-item-content\">\n\t\t\t\t<span class=\"aux-menu-label\">ZINC-IRON Coating<\/span>\n\t\t\t<\/a>\n\t\t<\/li>\n\t\t<!-- end single menu -->\n\t\t<!-- start single menu -->\n\t\t<li id=\"menu-item-531\" class=\"menu-item menu-item-type-post_type menu-item-object-page menu-item-531 aux-menu-depth-0 aux-menu-root-4 aux-menu-item\">\n\t\t\t<a href=\"https:\/\/iletenmetalkaplama.com\/en\/altin-kaplama\/\" class=\"aux-item-content\">\n\t\t\t\t<span class=\"aux-menu-label\">Gold Coating<\/span>\n\t\t\t<\/a>\n\t\t<\/li>\n\t\t<!-- end single menu -->\n\t\t<!-- start single menu -->\n\t\t<li id=\"menu-item-532\" class=\"menu-item menu-item-type-post_type menu-item-object-page menu-item-532 aux-menu-depth-0 aux-menu-root-5 aux-menu-item\">\n\t\t\t<a href=\"https:\/\/iletenmetalkaplama.com\/en\/?page_id=140\" class=\"aux-item-content\">\n\t\t\t\t<span class=\"aux-menu-label\">Nickel Coating<\/span>\n\t\t\t<\/a>\n\t\t<\/li>\n\t\t<!-- end single menu -->\n\t\t<!-- start single menu -->\n\t\t<li id=\"menu-item-533\" class=\"menu-item menu-item-type-post_type menu-item-object-page menu-item-533 aux-menu-depth-0 aux-menu-root-6 aux-menu-item\">\n\t\t\t<a href=\"https:\/\/iletenmetalkaplama.com\/en\/bakir-kaplama\/\" class=\"aux-item-content\">\n\t\t\t\t<span class=\"aux-menu-label\">Copper Coating<\/span>\n\t\t\t<\/a>\n\t\t<\/li>\n\t\t<!-- end single menu -->\n\t\t<!-- start single menu -->\n\t\t<li id=\"menu-item-534\" class=\"menu-item menu-item-type-post_type menu-item-object-page menu-item-534 aux-menu-depth-0 aux-menu-root-7 aux-menu-item\">\n\t\t\t<a href=\"https:\/\/iletenmetalkaplama.com\/en\/gumus-kaplama\/\" class=\"aux-item-content\">\n\t\t\t\t<span class=\"aux-menu-label\">Silver Coating<\/span>\n\t\t\t<\/a>\n\t\t<\/li>\n\t\t<!-- end single menu -->\n\t\t<!-- start single menu -->\n\t\t<li id=\"menu-item-535\" class=\"menu-item menu-item-type-post_type menu-item-object-page menu-item-535 aux-menu-depth-0 aux-menu-root-8 aux-menu-item\">\n\t\t\t<a href=\"https:\/\/iletenmetalkaplama.com\/en\/kalay-kaplama\/\" class=\"aux-item-content\">\n\t\t\t\t<span class=\"aux-menu-label\">Tin Coating<\/span>\n\t\t\t<\/a>\n\t\t<\/li>\n\t\t<!-- end single menu -->\n\t\t<!-- start single menu -->\n\t\t<li id=\"menu-item-536\" class=\"menu-item menu-item-type-post_type menu-item-object-page menu-item-536 aux-menu-depth-0 aux-menu-root-9 aux-menu-item\">\n\t\t\t<a href=\"https:\/\/iletenmetalkaplama.com\/en\/?page_id=135\" class=\"aux-item-content\">\n\t\t\t\t<span class=\"aux-menu-label\">Alkaline Zinc Nickel Coating<\/span>\n\t\t\t<\/a>\n\t\t<\/li>\n\t\t<!-- end single menu -->\n\t\t<!-- start single menu -->\n\t\t<li id=\"menu-item-537\" class=\"menu-item menu-item-type-post_type menu-item-object-page menu-item-537 aux-menu-depth-0 aux-menu-root-10 aux-menu-item\">\n\t\t\t<a href=\"https:\/\/iletenmetalkaplama.com\/en\/alkali-cinko-kaplama\/\" class=\"aux-item-content\">\n\t\t\t\t<span class=\"aux-menu-label\">Alkaline Zinc Coating<\/span>\n\t\t\t<\/a>\n\t\t<\/li>\n\t\t<!-- end single menu -->\n\t\t<!-- start single menu -->\n\t\t<li id=\"menu-item-538\" class=\"menu-item menu-item-type-post_type menu-item-object-page menu-item-538 aux-menu-depth-0 aux-menu-root-11 aux-menu-item\">\n\t\t\t<a href=\"https:\/\/iletenmetalkaplama.com\/en\/eloksal-kaplama\/\" class=\"aux-item-content\">\n\t\t\t\t<span class=\"aux-menu-label\">Anodized Coating<\/span>\n\t\t\t<\/a>\n\t\t<\/li>\n\t\t<!-- end single menu -->\n\t<\/ul>\n\n<\/nav>\n<!-- end master menu -->\n<div class=\"aux-toggle-menu-bar\"><\/div><\/div><style>@media only screen and (min-width: 769px) { .elementor-element-81f3d91 .aux-burger-box { display: none } }<\/style>\t\t<\/div>\n\t\t\t\t<\/div>\n\t\t\t\t\t\t<\/div>\n\t\t\t\t\t<\/div>\n\t\t<\/div>\n\t\t\t\t<div class=\"aux-parallax-section elementor-column elementor-col-66 elementor-top-column elementor-element elementor-element-823a054\" data-id=\"823a054\" data-element_type=\"column\">\n\t\t\t<div class=\"elementor-column-wrap elementor-element-populated\">\n\t\t\t\t\t\t\t<div class=\"elementor-widget-wrap\">\n\t\t\t\t\t\t<div class=\"elementor-element elementor-element-0ca5d81 elementor-widget elementor-widget-image\" data-id=\"0ca5d81\" data-element_type=\"widget\" data-widget_type=\"image.default\">\n\t\t\t\t<div class=\"elementor-widget-container\">\n\t\t\t\t\t\t\t\t<div class=\"elementor-image\">\n\t\t\t\t\t\t\t\t\t\t\t\t<img loading=\"lazy\" decoding=\"async\" width=\"840\" height=\"500\" src=\"https:\/\/iletenmetalkaplama.com\/wp-content\/uploads\/2022\/05\/foto01.jpg\" class=\"attachment-full size-full\" alt=\"\" \/>\t\t\t\t\t\t\t\t\t\t\t\t\t\t<\/div>\n\t\t\t\t\t\t<\/div>\n\t\t\t\t<\/div>\n\t\t\t\t<div class=\"elementor-element elementor-element-552ae7b elementor-widget elementor-widget-heading\" data-id=\"552ae7b\" data-element_type=\"widget\" data-widget_type=\"heading.default\">\n\t\t\t\t<div class=\"elementor-widget-container\">\n\t\t\t<h2 class=\"elementor-heading-title elementor-size-default\">Gold Coating<\/h2>\t\t<\/div>\n\t\t\t\t<\/div>\n\t\t\t\t<div class=\"elementor-element elementor-element-e6d3297 elementor-widget elementor-widget-text-editor\" data-id=\"e6d3297\" data-element_type=\"widget\" data-widget_type=\"text-editor.default\">\n\t\t\t\t<div class=\"elementor-widget-container\">\n\t\t\t\t\t\t\t\t<div class=\"elementor-text-editor elementor-clearfix\">\n\t\t\t\t<p>The establishment has many gold Coating baths to provide good gold Coating service. New and interesting Coating solutions have been developed for gold Coating over the last two decades. .<\/p><p>Gold is in the noble metal category as it is very below the hydrogen in the electromotor series.<\/p><p>Gold is a soft and malleable metal. It does not tarnish or corrode under atmospheric conditions and is not subject to chemical corrosion.<\/p><p>A thin gold layer coated on silver or copper protects the surface against the tarnish and provides the required high conductivity. . \u00a0<\/p>\t\t\t\t\t<\/div>\n\t\t\t\t\t\t<\/div>\n\t\t\t\t<\/div>\n\t\t\t\t<div class=\"elementor-element elementor-element-e32fb6a elementor-widget elementor-widget-heading\" data-id=\"e32fb6a\" data-element_type=\"widget\" data-widget_type=\"heading.default\">\n\t\t\t\t<div class=\"elementor-widget-container\">\n\t\t\t<h5 class=\"elementor-heading-title elementor-size-default\">GOLD Coating IN \u0130LETEN<\/h5>\t\t<\/div>\n\t\t\t\t<\/div>\n\t\t\t\t<div class=\"elementor-element elementor-element-0560360 elementor-widget elementor-widget-text-editor\" data-id=\"0560360\" data-element_type=\"widget\" data-widget_type=\"text-editor.default\">\n\t\t\t\t<div class=\"elementor-widget-container\">\n\t\t\t\t\t\t\t\t<div class=\"elementor-text-editor elementor-clearfix\">\n\t\t\t\t<p>Customer satisfaction is paramount in our facility. The desired color and coating thickness is applied homogeneously..<\/p>\t\t\t\t\t<\/div>\n\t\t\t\t\t\t<\/div>\n\t\t\t\t<\/div>\n\t\t\t\t<div class=\"elementor-element elementor-element-d9099e7 elementor-widget elementor-widget-heading\" data-id=\"d9099e7\" data-element_type=\"widget\" data-widget_type=\"heading.default\">\n\t\t\t\t<div class=\"elementor-widget-container\">\n\t\t\t<h5 class=\"elementor-heading-title elementor-size-default\">USAGE AREAS USE OF GOLD Coating<\/h5>\t\t<\/div>\n\t\t\t\t<\/div>\n\t\t\t\t<div class=\"elementor-element elementor-element-d799ec1 elementor-widget elementor-widget-text-editor\" data-id=\"d799ec1\" data-element_type=\"widget\" data-widget_type=\"text-editor.default\">\n\t\t\t\t<div class=\"elementor-widget-container\">\n\t\t\t\t\t\t\t\t<div class=\"elementor-text-editor elementor-clearfix\">\n\t\t\t\t<ul><li>The electronics industry<\/li><li>Sectors with an expectation of tarnishing and opacity resistance<\/li><li>Gold Coating is frequently used for temperature control purposes in the space industry.<\/li><li>Sectors in which high-frequency waves used in the radar<\/li><li>\u00a0<\/li><\/ul>\t\t\t\t\t<\/div>\n\t\t\t\t\t\t<\/div>\n\t\t\t\t<\/div>\n\t\t\t\t\t\t<\/div>\n\t\t\t\t\t<\/div>\n\t\t<\/div>\n\t\t\t\t\t\t\t\t<\/div>\n\t\t\t\t\t<\/div>\n\t\t<\/section>\n\t\t\t\t\t\t\t\t\t<\/div>\n\t\t\t<\/div>\n\t\t\t\t\t<\/div>","protected":false},"excerpt":{"rendered":"<p>\u00c7inko Demir Kaplama Alt\u0131n Kaplama Nikel Kaplama Bak\u0131r Kaplama G\u00fcm\u00fc\u015f Kaplama Kalay Kaplama Alkali \u00c7inko Nikel Kaplama Alkali \u00c7inko Kaplama Eloksal Kaplama Alt\u0131n Kaplama Alt\u0131n kaplama i\u015flemi i\u00e7in kullan\u0131lmaya elveri\u015fli pek \u00e7ok alt\u0131n kaplama banyosu bulunmaktad\u0131r. Son yirmi y\u0131ll\u0131k d\u00f6nem i\u00e7erisinde, alt\u0131n\u0131n kaplanmas\u0131 i\u00e7in yeni ve ilgin\u00e7 kaplama \u00e7\u00f6zeltileri geli\u015ftirilmi\u015ftir. Alt\u0131n, elektromotor serisinde hidrojenin olduk\u00e7a [&hellip;]<\/p>","protected":false},"author":1,"featured_media":0,"parent":0,"menu_order":0,"comment_status":"closed","ping_status":"closed","template":"","meta":{"footnotes":""},"class_list":["post-144","page","type-page","status-publish","hentry"],"yoast_head":"<!-- This site is optimized with the Yoast SEO plugin v18.9 - https:\/\/yoast.com\/wordpress\/plugins\/seo\/ -->\n<title>Alt\u0131n Kaplama - \u0130leten Metal Kaplama M\u00fchendislik<\/title>\n<meta name=\"robots\" content=\"index, follow, max-snippet:-1, max-image-preview:large, max-video-preview:-1\" \/>\n<link rel=\"canonical\" href=\"https:\/\/iletenmetalkaplama.com\/en\/altin-kaplama\/\" \/>\n<meta property=\"og:locale\" content=\"en_US\" \/>\n<meta property=\"og:type\" content=\"article\" \/>\n<meta property=\"og:title\" content=\"Alt\u0131n Kaplama - \u0130leten Metal Kaplama M\u00fchendislik\" \/>\n<meta property=\"og:description\" content=\"\u00c7inko Demir Kaplama Alt\u0131n Kaplama Nikel Kaplama Bak\u0131r Kaplama G\u00fcm\u00fc\u015f Kaplama Kalay Kaplama Alkali \u00c7inko Nikel Kaplama Alkali \u00c7inko Kaplama Eloksal Kaplama Alt\u0131n Kaplama Alt\u0131n kaplama i\u015flemi i\u00e7in kullan\u0131lmaya elveri\u015fli pek \u00e7ok alt\u0131n kaplama banyosu bulunmaktad\u0131r. Son yirmi y\u0131ll\u0131k d\u00f6nem i\u00e7erisinde, alt\u0131n\u0131n kaplanmas\u0131 i\u00e7in yeni ve ilgin\u00e7 kaplama \u00e7\u00f6zeltileri geli\u015ftirilmi\u015ftir. Alt\u0131n, elektromotor serisinde hidrojenin olduk\u00e7a [&hellip;]\" \/>\n<meta property=\"og:url\" content=\"https:\/\/iletenmetalkaplama.com\/en\/altin-kaplama\/\" \/>\n<meta property=\"og:site_name\" content=\"\u0130leten Metal Kaplama M\u00fchendislik\" \/>\n<meta property=\"article:modified_time\" content=\"2022-05-23T07:00:08+00:00\" \/>\n<meta property=\"og:image\" content=\"https:\/\/iletenmetalkaplama.com\/wp-content\/uploads\/2022\/05\/foto01.jpg\" \/>\n<meta name=\"twitter:card\" content=\"summary_large_image\" \/>\n<meta name=\"twitter:label1\" content=\"Est. reading time\" \/>\n\t<meta name=\"twitter:data1\" content=\"1 minute\" \/>\n<script type=\"application\/ld+json\" class=\"yoast-schema-graph\">{\"@context\":\"https:\/\/schema.org\",\"@graph\":[{\"@type\":\"WebSite\",\"@id\":\"https:\/\/iletenmetalkaplama.com\/#website\",\"url\":\"https:\/\/iletenmetalkaplama.com\/\",\"name\":\"\u0130leten Metal Kaplama M\u00fchendislik\",\"description\":\"\u0130leten Metal Kaplama M\u00fchendislik\",\"potentialAction\":[{\"@type\":\"SearchAction\",\"target\":{\"@type\":\"EntryPoint\",\"urlTemplate\":\"https:\/\/iletenmetalkaplama.com\/?s={search_term_string}\"},\"query-input\":\"required name=search_term_string\"}],\"inLanguage\":\"en-US\"},{\"@type\":\"ImageObject\",\"inLanguage\":\"en-US\",\"@id\":\"https:\/\/iletenmetalkaplama.com\/altin-kaplama\/#primaryimage\",\"url\":\"https:\/\/iletenmetalkaplama.com\/wp-content\/uploads\/2022\/05\/foto01.jpg\",\"contentUrl\":\"https:\/\/iletenmetalkaplama.com\/wp-content\/uploads\/2022\/05\/foto01.jpg\",\"width\":840,\"height\":500},{\"@type\":\"WebPage\",\"@id\":\"https:\/\/iletenmetalkaplama.com\/altin-kaplama\/#webpage\",\"url\":\"https:\/\/iletenmetalkaplama.com\/altin-kaplama\/\",\"name\":\"Alt\u0131n Kaplama - \u0130leten Metal Kaplama M\u00fchendislik\",\"isPartOf\":{\"@id\":\"https:\/\/iletenmetalkaplama.com\/#website\"},\"primaryImageOfPage\":{\"@id\":\"https:\/\/iletenmetalkaplama.com\/altin-kaplama\/#primaryimage\"},\"datePublished\":\"2022-05-18T14:12:47+00:00\",\"dateModified\":\"2022-05-23T07:00:08+00:00\",\"breadcrumb\":{\"@id\":\"https:\/\/iletenmetalkaplama.com\/altin-kaplama\/#breadcrumb\"},\"inLanguage\":\"en-US\",\"potentialAction\":[{\"@type\":\"ReadAction\",\"target\":[\"https:\/\/iletenmetalkaplama.com\/altin-kaplama\/\"]}]},{\"@type\":\"BreadcrumbList\",\"@id\":\"https:\/\/iletenmetalkaplama.com\/altin-kaplama\/#breadcrumb\",\"itemListElement\":[{\"@type\":\"ListItem\",\"position\":1,\"name\":\"Anasayfa\",\"item\":\"https:\/\/iletenmetalkaplama.com\/\"},{\"@type\":\"ListItem\",\"position\":2,\"name\":\"Alt\u0131n Kaplama\"}]}]}<\/script>\n<!-- \/ Yoast SEO plugin. -->","yoast_head_json":{"title":"Alt\u0131n Kaplama - \u0130leten Metal Kaplama M\u00fchendislik","robots":{"index":"index","follow":"follow","max-snippet":"max-snippet:-1","max-image-preview":"max-image-preview:large","max-video-preview":"max-video-preview:-1"},"canonical":"https:\/\/iletenmetalkaplama.com\/en\/altin-kaplama\/","og_locale":"en_US","og_type":"article","og_title":"Alt\u0131n Kaplama - \u0130leten Metal Kaplama M\u00fchendislik","og_description":"\u00c7inko Demir Kaplama Alt\u0131n Kaplama Nikel Kaplama Bak\u0131r Kaplama G\u00fcm\u00fc\u015f Kaplama Kalay Kaplama Alkali \u00c7inko Nikel Kaplama Alkali \u00c7inko Kaplama Eloksal Kaplama Alt\u0131n Kaplama Alt\u0131n kaplama i\u015flemi i\u00e7in kullan\u0131lmaya elveri\u015fli pek \u00e7ok alt\u0131n kaplama banyosu bulunmaktad\u0131r. Son yirmi y\u0131ll\u0131k d\u00f6nem i\u00e7erisinde, alt\u0131n\u0131n kaplanmas\u0131 i\u00e7in yeni ve ilgin\u00e7 kaplama \u00e7\u00f6zeltileri geli\u015ftirilmi\u015ftir. Alt\u0131n, elektromotor serisinde hidrojenin olduk\u00e7a [&hellip;]","og_url":"https:\/\/iletenmetalkaplama.com\/en\/altin-kaplama\/","og_site_name":"\u0130leten Metal Kaplama M\u00fchendislik","article_modified_time":"2022-05-23T07:00:08+00:00","og_image":[{"url":"https:\/\/iletenmetalkaplama.com\/wp-content\/uploads\/2022\/05\/foto01.jpg"}],"twitter_card":"summary_large_image","twitter_misc":{"Est. reading time":"1 minute"},"schema":{"@context":"https:\/\/schema.org","@graph":[{"@type":"WebSite","@id":"https:\/\/iletenmetalkaplama.com\/#website","url":"https:\/\/iletenmetalkaplama.com\/","name":"\u0130leten Metal Kaplama M\u00fchendislik","description":"\u0130leten Metal Kaplama M\u00fchendislik","potentialAction":[{"@type":"SearchAction","target":{"@type":"EntryPoint","urlTemplate":"https:\/\/iletenmetalkaplama.com\/?s={search_term_string}"},"query-input":"required name=search_term_string"}],"inLanguage":"en-US"},{"@type":"ImageObject","inLanguage":"en-US","@id":"https:\/\/iletenmetalkaplama.com\/altin-kaplama\/#primaryimage","url":"https:\/\/iletenmetalkaplama.com\/wp-content\/uploads\/2022\/05\/foto01.jpg","contentUrl":"https:\/\/iletenmetalkaplama.com\/wp-content\/uploads\/2022\/05\/foto01.jpg","width":840,"height":500},{"@type":"WebPage","@id":"https:\/\/iletenmetalkaplama.com\/altin-kaplama\/#webpage","url":"https:\/\/iletenmetalkaplama.com\/altin-kaplama\/","name":"Alt\u0131n Kaplama - \u0130leten Metal Kaplama M\u00fchendislik","isPartOf":{"@id":"https:\/\/iletenmetalkaplama.com\/#website"},"primaryImageOfPage":{"@id":"https:\/\/iletenmetalkaplama.com\/altin-kaplama\/#primaryimage"},"datePublished":"2022-05-18T14:12:47+00:00","dateModified":"2022-05-23T07:00:08+00:00","breadcrumb":{"@id":"https:\/\/iletenmetalkaplama.com\/altin-kaplama\/#breadcrumb"},"inLanguage":"en-US","potentialAction":[{"@type":"ReadAction","target":["https:\/\/iletenmetalkaplama.com\/altin-kaplama\/"]}]},{"@type":"BreadcrumbList","@id":"https:\/\/iletenmetalkaplama.com\/altin-kaplama\/#breadcrumb","itemListElement":[{"@type":"ListItem","position":1,"name":"Anasayfa","item":"https:\/\/iletenmetalkaplama.com\/"},{"@type":"ListItem","position":2,"name":"Alt\u0131n Kaplama"}]}]}},"_links":{"self":[{"href":"https:\/\/iletenmetalkaplama.com\/en\/wp-json\/wp\/v2\/pages\/144","targetHints":{"allow":["GET"]}}],"collection":[{"href":"https:\/\/iletenmetalkaplama.com\/en\/wp-json\/wp\/v2\/pages"}],"about":[{"href":"https:\/\/iletenmetalkaplama.com\/en\/wp-json\/wp\/v2\/types\/page"}],"author":[{"embeddable":true,"href":"https:\/\/iletenmetalkaplama.com\/en\/wp-json\/wp\/v2\/users\/1"}],"replies":[{"embeddable":true,"href":"https:\/\/iletenmetalkaplama.com\/en\/wp-json\/wp\/v2\/comments?post=144"}],"version-history":[{"count":4,"href":"https:\/\/iletenmetalkaplama.com\/en\/wp-json\/wp\/v2\/pages\/144\/revisions"}],"predecessor-version":[{"id":571,"href":"https:\/\/iletenmetalkaplama.com\/en\/wp-json\/wp\/v2\/pages\/144\/revisions\/571"}],"wp:attachment":[{"href":"https:\/\/iletenmetalkaplama.com\/en\/wp-json\/wp\/v2\/media?parent=144"}],"curies":[{"name":"wp","href":"https:\/\/api.w.org\/{rel}","templated":true}]}}