{"id":138,"date":"2022-05-18T17:12:47","date_gmt":"2022-05-18T14:12:47","guid":{"rendered":"https:\/\/i.iletenmetalkaplama.com\/?page_id=138"},"modified":"2022-05-23T09:46:18","modified_gmt":"2022-05-23T06:46:18","slug":"gumus-kaplama","status":"publish","type":"page","link":"https:\/\/iletenmetalkaplama.com\/en\/gumus-kaplama\/","title":{"rendered":"Silver Coating"},"content":{"rendered":"<div data-elementor-type=\"wp-page\" data-elementor-id=\"138\" class=\"elementor elementor-138\">\n\t\t\t\t\t\t<div class=\"elementor-inner\">\n\t\t\t\t<div class=\"elementor-section-wrap\">\n\t\t\t\t\t\t\t\t\t<section class=\"elementor-section elementor-top-section elementor-element elementor-element-20c1275 elementor-section-boxed elementor-section-height-default elementor-section-height-default\" data-id=\"20c1275\" data-element_type=\"section\">\n\t\t\t\t\t\t<div class=\"elementor-container elementor-column-gap-default\">\n\t\t\t\t\t\t\t<div class=\"elementor-row\">\n\t\t\t\t\t<div class=\"aux-parallax-section elementor-column elementor-col-33 elementor-top-column elementor-element elementor-element-9bc3925\" data-id=\"9bc3925\" data-element_type=\"column\">\n\t\t\t<div class=\"elementor-column-wrap elementor-element-populated\">\n\t\t\t\t\t\t\t<div class=\"elementor-widget-wrap\">\n\t\t\t\t\t\t<div class=\"elementor-element elementor-element-2cc4732 elementor-widget elementor-widget-aux_menu_box\" data-id=\"2cc4732\" data-element_type=\"widget\" data-widget_type=\"aux_menu_box.default\">\n\t\t\t\t<div class=\"elementor-widget-container\">\n\t\t\t<div class=\"aux-elementor-header-menu aux-nav-menu-element aux-nav-menu-element-2cc4732\"><div class=\"aux-burger-box\" data-target-panel=\"toggle-bar\" data-target-content=\".elementor-element-2cc4732 .aux-master-menu\"><div class=\"aux-burger aux-lite-small\"><span class=\"mid-line\"><\/span><\/div><\/div><!-- start master menu -->\n<nav id=\"master-menu-elementor-2cc4732\" class=\"menu-hizmetlerimiz-container\">\n\n\t<ul id=\"menu-hizmetlerimiz\" class=\"aux-master-menu aux-no-js aux-skin-classic aux-with-indicator aux-vertical\" data-type=\"vertical\"  data-switch-type=\"toggle\" data-switch-parent=\".elementor-element-2cc4732 .aux-toggle-menu-bar\" data-switch-width=\"768\"  >\n\t\t<!-- start single menu -->\n\t\t<li id=\"menu-item-609\" class=\"menu-item menu-item-type-post_type menu-item-object-page menu-item-609 aux-menu-depth-0 aux-menu-root-1 aux-menu-item\">\n\t\t\t<a href=\"https:\/\/iletenmetalkaplama.com\/en\/degresing\/\" class=\"aux-item-content\">\n\t\t\t\t<span class=\"aux-menu-label\">Degresing<\/span>\n\t\t\t<\/a>\n\t\t<\/li>\n\t\t<!-- end single menu -->\n\t\t<!-- start single menu -->\n\t\t<li id=\"menu-item-610\" class=\"menu-item menu-item-type-post_type menu-item-object-page menu-item-610 aux-menu-depth-0 aux-menu-root-2 aux-menu-item\">\n\t\t\t<a href=\"https:\/\/iletenmetalkaplama.com\/en\/?page_id=606\" class=\"aux-item-content\">\n\t\t\t\t<span class=\"aux-menu-label\">Electroless Nickel Coating<\/span>\n\t\t\t<\/a>\n\t\t<\/li>\n\t\t<!-- end single menu -->\n\t\t<!-- start single menu -->\n\t\t<li id=\"menu-item-530\" class=\"menu-item menu-item-type-post_type menu-item-object-page menu-item-530 aux-menu-depth-0 aux-menu-root-3 aux-menu-item\">\n\t\t\t<a href=\"https:\/\/iletenmetalkaplama.com\/en\/cinko-demir-kaplama\/\" class=\"aux-item-content\">\n\t\t\t\t<span class=\"aux-menu-label\">ZINC-IRON Coating<\/span>\n\t\t\t<\/a>\n\t\t<\/li>\n\t\t<!-- end single menu -->\n\t\t<!-- start single menu -->\n\t\t<li id=\"menu-item-531\" class=\"menu-item menu-item-type-post_type menu-item-object-page menu-item-531 aux-menu-depth-0 aux-menu-root-4 aux-menu-item\">\n\t\t\t<a href=\"https:\/\/iletenmetalkaplama.com\/en\/altin-kaplama\/\" class=\"aux-item-content\">\n\t\t\t\t<span class=\"aux-menu-label\">Gold Coating<\/span>\n\t\t\t<\/a>\n\t\t<\/li>\n\t\t<!-- end single menu -->\n\t\t<!-- start single menu -->\n\t\t<li id=\"menu-item-532\" class=\"menu-item menu-item-type-post_type menu-item-object-page menu-item-532 aux-menu-depth-0 aux-menu-root-5 aux-menu-item\">\n\t\t\t<a href=\"https:\/\/iletenmetalkaplama.com\/en\/?page_id=140\" class=\"aux-item-content\">\n\t\t\t\t<span class=\"aux-menu-label\">Nickel Coating<\/span>\n\t\t\t<\/a>\n\t\t<\/li>\n\t\t<!-- end single menu -->\n\t\t<!-- start single menu -->\n\t\t<li id=\"menu-item-533\" class=\"menu-item menu-item-type-post_type menu-item-object-page menu-item-533 aux-menu-depth-0 aux-menu-root-6 aux-menu-item\">\n\t\t\t<a href=\"https:\/\/iletenmetalkaplama.com\/en\/bakir-kaplama\/\" class=\"aux-item-content\">\n\t\t\t\t<span class=\"aux-menu-label\">Copper Coating<\/span>\n\t\t\t<\/a>\n\t\t<\/li>\n\t\t<!-- end single menu -->\n\t\t<!-- start single menu -->\n\t\t<li id=\"menu-item-534\" class=\"menu-item menu-item-type-post_type menu-item-object-page menu-item-534 aux-menu-depth-0 aux-menu-root-7 aux-menu-item\">\n\t\t\t<a href=\"https:\/\/iletenmetalkaplama.com\/en\/gumus-kaplama\/\" class=\"aux-item-content\">\n\t\t\t\t<span class=\"aux-menu-label\">Silver Coating<\/span>\n\t\t\t<\/a>\n\t\t<\/li>\n\t\t<!-- end single menu -->\n\t\t<!-- start single menu -->\n\t\t<li id=\"menu-item-535\" class=\"menu-item menu-item-type-post_type menu-item-object-page menu-item-535 aux-menu-depth-0 aux-menu-root-8 aux-menu-item\">\n\t\t\t<a href=\"https:\/\/iletenmetalkaplama.com\/en\/kalay-kaplama\/\" class=\"aux-item-content\">\n\t\t\t\t<span class=\"aux-menu-label\">Tin Coating<\/span>\n\t\t\t<\/a>\n\t\t<\/li>\n\t\t<!-- end single menu -->\n\t\t<!-- start single menu -->\n\t\t<li id=\"menu-item-536\" class=\"menu-item menu-item-type-post_type menu-item-object-page menu-item-536 aux-menu-depth-0 aux-menu-root-9 aux-menu-item\">\n\t\t\t<a href=\"https:\/\/iletenmetalkaplama.com\/en\/?page_id=135\" class=\"aux-item-content\">\n\t\t\t\t<span class=\"aux-menu-label\">Alkaline Zinc Nickel Coating<\/span>\n\t\t\t<\/a>\n\t\t<\/li>\n\t\t<!-- end single menu -->\n\t\t<!-- start single menu -->\n\t\t<li id=\"menu-item-537\" class=\"menu-item menu-item-type-post_type menu-item-object-page menu-item-537 aux-menu-depth-0 aux-menu-root-10 aux-menu-item\">\n\t\t\t<a href=\"https:\/\/iletenmetalkaplama.com\/en\/alkali-cinko-kaplama\/\" class=\"aux-item-content\">\n\t\t\t\t<span class=\"aux-menu-label\">Alkaline Zinc Coating<\/span>\n\t\t\t<\/a>\n\t\t<\/li>\n\t\t<!-- end single menu -->\n\t\t<!-- start single menu -->\n\t\t<li id=\"menu-item-538\" class=\"menu-item menu-item-type-post_type menu-item-object-page menu-item-538 aux-menu-depth-0 aux-menu-root-11 aux-menu-item\">\n\t\t\t<a href=\"https:\/\/iletenmetalkaplama.com\/en\/eloksal-kaplama\/\" class=\"aux-item-content\">\n\t\t\t\t<span class=\"aux-menu-label\">Anodized Coating<\/span>\n\t\t\t<\/a>\n\t\t<\/li>\n\t\t<!-- end single menu -->\n\t<\/ul>\n\n<\/nav>\n<!-- end master menu -->\n<div class=\"aux-toggle-menu-bar\"><\/div><\/div><style>@media only screen and (min-width: 769px) { .elementor-element-2cc4732 .aux-burger-box { display: none } }<\/style>\t\t<\/div>\n\t\t\t\t<\/div>\n\t\t\t\t\t\t<\/div>\n\t\t\t\t\t<\/div>\n\t\t<\/div>\n\t\t\t\t<div class=\"aux-parallax-section elementor-column elementor-col-66 elementor-top-column elementor-element elementor-element-b607d40\" data-id=\"b607d40\" data-element_type=\"column\">\n\t\t\t<div class=\"elementor-column-wrap elementor-element-populated\">\n\t\t\t\t\t\t\t<div class=\"elementor-widget-wrap\">\n\t\t\t\t\t\t<div class=\"elementor-element elementor-element-68d4fde elementor-widget elementor-widget-image\" data-id=\"68d4fde\" data-element_type=\"widget\" data-widget_type=\"image.default\">\n\t\t\t\t<div class=\"elementor-widget-container\">\n\t\t\t\t\t\t\t\t<div class=\"elementor-image\">\n\t\t\t\t\t\t\t\t\t\t\t\t<img loading=\"lazy\" decoding=\"async\" width=\"840\" height=\"500\" src=\"https:\/\/iletenmetalkaplama.com\/wp-content\/uploads\/2022\/05\/GUMUS.jpg\" class=\"attachment-full size-full\" alt=\"\" \/>\t\t\t\t\t\t\t\t\t\t\t\t\t\t<\/div>\n\t\t\t\t\t\t<\/div>\n\t\t\t\t<\/div>\n\t\t\t\t<div class=\"elementor-element elementor-element-476d453 elementor-widget elementor-widget-heading\" data-id=\"476d453\" data-element_type=\"widget\" data-widget_type=\"heading.default\">\n\t\t\t\t<div class=\"elementor-widget-container\">\n\t\t\t<h2 class=\"elementor-heading-title elementor-size-default\">Silver Coating<\/h2>\t\t<\/div>\n\t\t\t\t<\/div>\n\t\t\t\t<div class=\"elementor-element elementor-element-abf6550 elementor-widget elementor-widget-text-editor\" data-id=\"abf6550\" data-element_type=\"widget\" data-widget_type=\"text-editor.default\">\n\t\t\t\t<div class=\"elementor-widget-container\">\n\t\t\t\t\t\t\t\t<div class=\"elementor-text-editor elementor-clearfix\">\n\t\t\t\t<p>Due to its structure Silver is a very good conductor. Due to its conductivity, silver Coating is frequently used in areas where electrical conductivity is critical. Silver Coating is the most preferred type of Coating especially in the electrical and electronics sector as it does not oxidate in the air. It also has excellent electrical conductivity and can be used for decorative purposes.<\/p>\t\t\t\t\t<\/div>\n\t\t\t\t\t\t<\/div>\n\t\t\t\t<\/div>\n\t\t\t\t<div class=\"elementor-element elementor-element-ddefc26 elementor-widget elementor-widget-heading\" data-id=\"ddefc26\" data-element_type=\"widget\" data-widget_type=\"heading.default\">\n\t\t\t\t<div class=\"elementor-widget-container\">\n\t\t\t<h5 class=\"elementor-heading-title elementor-size-default\">Silver Coating in ILETEN<\/h5>\t\t<\/div>\n\t\t\t\t<\/div>\n\t\t\t\t<div class=\"elementor-element elementor-element-55f49e4 elementor-widget elementor-widget-text-editor\" data-id=\"55f49e4\" data-element_type=\"widget\" data-widget_type=\"text-editor.default\">\n\t\t\t\t<div class=\"elementor-widget-container\">\n\t\t\t\t\t\t\t\t<div class=\"elementor-text-editor elementor-clearfix\">\n\t\t\t\t<p>In our fully automatic facility, we apply the desired Coating thickness on metals and nonmetals, including bright, semi-bright, and matt Coatings according to international standards.<\/p><p>Due to their structure, aluminum and stainless materials are very difficult to bond with the Coating applied to them. A special technique developed on aluminum and stainless steel materials thanks to many years of experience and ongoing trade with . Silver Coating usage areas; Due to its structure Silver is a very good conductor. Due to its conductivity, silver Coating is frequently used in areas where electrical conductivity is critical. Silver Coating is the most preferred type of Coating especially in the electrical and electronics sector as it does not oxidate in the air. It also has excellent electrical conductivity and can be used for decorative purposes. SILVER Coating IN \u0130LETEN In our fully automatic facility, we apply the desired Coating thickness on metals and nonmetals, including bright, semi-bright, and matt Coatings according to international standards. Due to their structure, aluminum and stainless materials are very difficult to bond with the Coating applied to them. A special technique developed on aluminum and stainless steel materials thanks to many years of experience and ongoing trade with international companies. Thanks to this special technique we successfully apply the desired micron thickness homogeneously.<\/p><p>Our silver raw material is certified 99.9% pure ET\u0130BANK silver.<\/p>\t\t\t\t\t<\/div>\n\t\t\t\t\t\t<\/div>\n\t\t\t\t<\/div>\n\t\t\t\t<div class=\"elementor-element elementor-element-dee792a elementor-widget elementor-widget-heading\" data-id=\"dee792a\" data-element_type=\"widget\" data-widget_type=\"heading.default\">\n\t\t\t\t<div class=\"elementor-widget-container\">\n\t\t\t<h5 class=\"elementor-heading-title elementor-size-default\">USAGE AREAS;<\/h5>\t\t<\/div>\n\t\t\t\t<\/div>\n\t\t\t\t<div class=\"elementor-element elementor-element-cf09168 elementor-widget elementor-widget-text-editor\" data-id=\"cf09168\" data-element_type=\"widget\" data-widget_type=\"text-editor.default\">\n\t\t\t\t<div class=\"elementor-widget-container\">\n\t\t\t\t\t\t\t\t<div class=\"elementor-text-editor elementor-clearfix\">\n\t\t\t\t<ul><li>Electrical-electronics industry<\/li><li>panel busbars,<\/li><li>contacts,<\/li><li>fuse feet and breakers,<\/li><li>terminals,<\/li><li>It finds use in a wide range of products such as automotive.<\/li><li>\u00a0<\/li><\/ul>\t\t\t\t\t<\/div>\n\t\t\t\t\t\t<\/div>\n\t\t\t\t<\/div>\n\t\t\t\t\t\t<\/div>\n\t\t\t\t\t<\/div>\n\t\t<\/div>\n\t\t\t\t\t\t\t\t<\/div>\n\t\t\t\t\t<\/div>\n\t\t<\/section>\n\t\t\t\t\t\t\t\t\t<\/div>\n\t\t\t<\/div>\n\t\t\t\t\t<\/div>","protected":false},"excerpt":{"rendered":"<p>\u00c7inko Demir Kaplama Alt\u0131n Kaplama Nikel Kaplama Bak\u0131r Kaplama G\u00fcm\u00fc\u015f Kaplama Kalay Kaplama Alkali \u00c7inko Nikel Kaplama Alkali \u00c7inko Kaplama Eloksal Kaplama G\u00fcm\u00fc\u015f Kaplama G\u00fcm\u00fc\u015f, yap\u0131s\u0131 gere\u011fi \u00e7ok iyi\u00a0bir iletkendir. Bu \u00f6zelli\u011finden dolay\u0131 g\u00fcm\u00fc\u015f kaplama, elektrik iletkenli\u011finin kritik oldu\u011fu alanlarda s\u0131kl\u0131kla kullan\u0131l\u0131r. Hava ortam\u0131nda oksitlenmeme, m\u00fckemmel elektrik iletkenli\u011fi, dekoratif \u00f6zelliklere sahip g\u00fcm\u00fc\u015f kaplama \u00f6zellikle elektrik [&hellip;]<\/p>","protected":false},"author":1,"featured_media":0,"parent":0,"menu_order":0,"comment_status":"closed","ping_status":"closed","template":"","meta":{"footnotes":""},"class_list":["post-138","page","type-page","status-publish","hentry"],"yoast_head":"<!-- This site is optimized with the Yoast SEO plugin v18.9 - https:\/\/yoast.com\/wordpress\/plugins\/seo\/ -->\n<title>G\u00fcm\u00fc\u015f Kaplama - \u0130leten Metal Kaplama M\u00fchendislik<\/title>\n<meta name=\"robots\" content=\"index, follow, max-snippet:-1, max-image-preview:large, max-video-preview:-1\" \/>\n<link rel=\"canonical\" href=\"https:\/\/iletenmetalkaplama.com\/en\/gumus-kaplama\/\" \/>\n<meta property=\"og:locale\" content=\"en_US\" \/>\n<meta property=\"og:type\" content=\"article\" \/>\n<meta property=\"og:title\" content=\"G\u00fcm\u00fc\u015f Kaplama - \u0130leten Metal Kaplama M\u00fchendislik\" \/>\n<meta property=\"og:description\" content=\"\u00c7inko Demir Kaplama Alt\u0131n Kaplama Nikel Kaplama Bak\u0131r Kaplama G\u00fcm\u00fc\u015f Kaplama Kalay Kaplama Alkali \u00c7inko Nikel Kaplama Alkali \u00c7inko Kaplama Eloksal Kaplama G\u00fcm\u00fc\u015f Kaplama G\u00fcm\u00fc\u015f, yap\u0131s\u0131 gere\u011fi \u00e7ok iyi\u00a0bir iletkendir. Bu \u00f6zelli\u011finden dolay\u0131 g\u00fcm\u00fc\u015f kaplama, elektrik iletkenli\u011finin kritik oldu\u011fu alanlarda s\u0131kl\u0131kla kullan\u0131l\u0131r. Hava ortam\u0131nda oksitlenmeme, m\u00fckemmel elektrik iletkenli\u011fi, dekoratif \u00f6zelliklere sahip g\u00fcm\u00fc\u015f kaplama \u00f6zellikle elektrik [&hellip;]\" \/>\n<meta property=\"og:url\" content=\"https:\/\/iletenmetalkaplama.com\/en\/gumus-kaplama\/\" \/>\n<meta property=\"og:site_name\" content=\"\u0130leten Metal Kaplama M\u00fchendislik\" \/>\n<meta property=\"article:modified_time\" content=\"2022-05-23T06:46:18+00:00\" \/>\n<meta property=\"og:image\" content=\"https:\/\/iletenmetalkaplama.com\/wp-content\/uploads\/2022\/05\/GUMUS.jpg\" \/>\n<meta name=\"twitter:card\" content=\"summary_large_image\" \/>\n<meta name=\"twitter:label1\" content=\"Est. reading time\" \/>\n\t<meta name=\"twitter:data1\" content=\"1 minute\" \/>\n<script type=\"application\/ld+json\" class=\"yoast-schema-graph\">{\"@context\":\"https:\/\/schema.org\",\"@graph\":[{\"@type\":\"WebSite\",\"@id\":\"https:\/\/iletenmetalkaplama.com\/#website\",\"url\":\"https:\/\/iletenmetalkaplama.com\/\",\"name\":\"\u0130leten Metal Kaplama M\u00fchendislik\",\"description\":\"\u0130leten Metal Kaplama M\u00fchendislik\",\"potentialAction\":[{\"@type\":\"SearchAction\",\"target\":{\"@type\":\"EntryPoint\",\"urlTemplate\":\"https:\/\/iletenmetalkaplama.com\/?s={search_term_string}\"},\"query-input\":\"required name=search_term_string\"}],\"inLanguage\":\"en-US\"},{\"@type\":\"ImageObject\",\"inLanguage\":\"en-US\",\"@id\":\"https:\/\/iletenmetalkaplama.com\/gumus-kaplama\/#primaryimage\",\"url\":\"https:\/\/iletenmetalkaplama.com\/wp-content\/uploads\/2022\/05\/GUMUS.jpg\",\"contentUrl\":\"https:\/\/iletenmetalkaplama.com\/wp-content\/uploads\/2022\/05\/GUMUS.jpg\",\"width\":840,\"height\":500},{\"@type\":\"WebPage\",\"@id\":\"https:\/\/iletenmetalkaplama.com\/gumus-kaplama\/#webpage\",\"url\":\"https:\/\/iletenmetalkaplama.com\/gumus-kaplama\/\",\"name\":\"G\u00fcm\u00fc\u015f Kaplama - \u0130leten Metal Kaplama M\u00fchendislik\",\"isPartOf\":{\"@id\":\"https:\/\/iletenmetalkaplama.com\/#website\"},\"primaryImageOfPage\":{\"@id\":\"https:\/\/iletenmetalkaplama.com\/gumus-kaplama\/#primaryimage\"},\"datePublished\":\"2022-05-18T14:12:47+00:00\",\"dateModified\":\"2022-05-23T06:46:18+00:00\",\"breadcrumb\":{\"@id\":\"https:\/\/iletenmetalkaplama.com\/gumus-kaplama\/#breadcrumb\"},\"inLanguage\":\"en-US\",\"potentialAction\":[{\"@type\":\"ReadAction\",\"target\":[\"https:\/\/iletenmetalkaplama.com\/gumus-kaplama\/\"]}]},{\"@type\":\"BreadcrumbList\",\"@id\":\"https:\/\/iletenmetalkaplama.com\/gumus-kaplama\/#breadcrumb\",\"itemListElement\":[{\"@type\":\"ListItem\",\"position\":1,\"name\":\"Anasayfa\",\"item\":\"https:\/\/iletenmetalkaplama.com\/\"},{\"@type\":\"ListItem\",\"position\":2,\"name\":\"G\u00fcm\u00fc\u015f Kaplama\"}]}]}<\/script>\n<!-- \/ Yoast SEO plugin. -->","yoast_head_json":{"title":"G\u00fcm\u00fc\u015f Kaplama - \u0130leten Metal Kaplama M\u00fchendislik","robots":{"index":"index","follow":"follow","max-snippet":"max-snippet:-1","max-image-preview":"max-image-preview:large","max-video-preview":"max-video-preview:-1"},"canonical":"https:\/\/iletenmetalkaplama.com\/en\/gumus-kaplama\/","og_locale":"en_US","og_type":"article","og_title":"G\u00fcm\u00fc\u015f Kaplama - \u0130leten Metal Kaplama M\u00fchendislik","og_description":"\u00c7inko Demir Kaplama Alt\u0131n Kaplama Nikel Kaplama Bak\u0131r Kaplama G\u00fcm\u00fc\u015f Kaplama Kalay Kaplama Alkali \u00c7inko Nikel Kaplama Alkali \u00c7inko Kaplama Eloksal Kaplama G\u00fcm\u00fc\u015f Kaplama G\u00fcm\u00fc\u015f, yap\u0131s\u0131 gere\u011fi \u00e7ok iyi\u00a0bir iletkendir. Bu \u00f6zelli\u011finden dolay\u0131 g\u00fcm\u00fc\u015f kaplama, elektrik iletkenli\u011finin kritik oldu\u011fu alanlarda s\u0131kl\u0131kla kullan\u0131l\u0131r. Hava ortam\u0131nda oksitlenmeme, m\u00fckemmel elektrik iletkenli\u011fi, dekoratif \u00f6zelliklere sahip g\u00fcm\u00fc\u015f kaplama \u00f6zellikle elektrik [&hellip;]","og_url":"https:\/\/iletenmetalkaplama.com\/en\/gumus-kaplama\/","og_site_name":"\u0130leten Metal Kaplama M\u00fchendislik","article_modified_time":"2022-05-23T06:46:18+00:00","og_image":[{"url":"https:\/\/iletenmetalkaplama.com\/wp-content\/uploads\/2022\/05\/GUMUS.jpg"}],"twitter_card":"summary_large_image","twitter_misc":{"Est. reading time":"1 minute"},"schema":{"@context":"https:\/\/schema.org","@graph":[{"@type":"WebSite","@id":"https:\/\/iletenmetalkaplama.com\/#website","url":"https:\/\/iletenmetalkaplama.com\/","name":"\u0130leten Metal Kaplama M\u00fchendislik","description":"\u0130leten Metal Kaplama M\u00fchendislik","potentialAction":[{"@type":"SearchAction","target":{"@type":"EntryPoint","urlTemplate":"https:\/\/iletenmetalkaplama.com\/?s={search_term_string}"},"query-input":"required name=search_term_string"}],"inLanguage":"en-US"},{"@type":"ImageObject","inLanguage":"en-US","@id":"https:\/\/iletenmetalkaplama.com\/gumus-kaplama\/#primaryimage","url":"https:\/\/iletenmetalkaplama.com\/wp-content\/uploads\/2022\/05\/GUMUS.jpg","contentUrl":"https:\/\/iletenmetalkaplama.com\/wp-content\/uploads\/2022\/05\/GUMUS.jpg","width":840,"height":500},{"@type":"WebPage","@id":"https:\/\/iletenmetalkaplama.com\/gumus-kaplama\/#webpage","url":"https:\/\/iletenmetalkaplama.com\/gumus-kaplama\/","name":"G\u00fcm\u00fc\u015f Kaplama - \u0130leten Metal Kaplama M\u00fchendislik","isPartOf":{"@id":"https:\/\/iletenmetalkaplama.com\/#website"},"primaryImageOfPage":{"@id":"https:\/\/iletenmetalkaplama.com\/gumus-kaplama\/#primaryimage"},"datePublished":"2022-05-18T14:12:47+00:00","dateModified":"2022-05-23T06:46:18+00:00","breadcrumb":{"@id":"https:\/\/iletenmetalkaplama.com\/gumus-kaplama\/#breadcrumb"},"inLanguage":"en-US","potentialAction":[{"@type":"ReadAction","target":["https:\/\/iletenmetalkaplama.com\/gumus-kaplama\/"]}]},{"@type":"BreadcrumbList","@id":"https:\/\/iletenmetalkaplama.com\/gumus-kaplama\/#breadcrumb","itemListElement":[{"@type":"ListItem","position":1,"name":"Anasayfa","item":"https:\/\/iletenmetalkaplama.com\/"},{"@type":"ListItem","position":2,"name":"G\u00fcm\u00fc\u015f Kaplama"}]}]}},"_links":{"self":[{"href":"https:\/\/iletenmetalkaplama.com\/en\/wp-json\/wp\/v2\/pages\/138","targetHints":{"allow":["GET"]}}],"collection":[{"href":"https:\/\/iletenmetalkaplama.com\/en\/wp-json\/wp\/v2\/pages"}],"about":[{"href":"https:\/\/iletenmetalkaplama.com\/en\/wp-json\/wp\/v2\/types\/page"}],"author":[{"embeddable":true,"href":"https:\/\/iletenmetalkaplama.com\/en\/wp-json\/wp\/v2\/users\/1"}],"replies":[{"embeddable":true,"href":"https:\/\/iletenmetalkaplama.com\/en\/wp-json\/wp\/v2\/comments?post=138"}],"version-history":[{"count":7,"href":"https:\/\/iletenmetalkaplama.com\/en\/wp-json\/wp\/v2\/pages\/138\/revisions"}],"predecessor-version":[{"id":552,"href":"https:\/\/iletenmetalkaplama.com\/en\/wp-json\/wp\/v2\/pages\/138\/revisions\/552"}],"wp:attachment":[{"href":"https:\/\/iletenmetalkaplama.com\/en\/wp-json\/wp\/v2\/media?parent=138"}],"curies":[{"name":"wp","href":"https:\/\/api.w.org\/{rel}","templated":true}]}}