{"id":137,"date":"2022-05-18T17:12:47","date_gmt":"2022-05-18T14:12:47","guid":{"rendered":"https:\/\/i.iletenmetalkaplama.com\/?page_id=137"},"modified":"2022-05-23T09:42:03","modified_gmt":"2022-05-23T06:42:03","slug":"cinko-demir-kaplama","status":"publish","type":"page","link":"https:\/\/iletenmetalkaplama.com\/en\/cinko-demir-kaplama\/","title":{"rendered":"ZINC-IRON Coating"},"content":{"rendered":"<div data-elementor-type=\"wp-page\" data-elementor-id=\"137\" class=\"elementor elementor-137\">\n\t\t\t\t\t\t<div class=\"elementor-inner\">\n\t\t\t\t<div class=\"elementor-section-wrap\">\n\t\t\t\t\t\t\t\t\t<section class=\"elementor-section elementor-top-section elementor-element elementor-element-ef410ba elementor-section-boxed elementor-section-height-default elementor-section-height-default\" data-id=\"ef410ba\" data-element_type=\"section\">\n\t\t\t\t\t\t<div class=\"elementor-container elementor-column-gap-default\">\n\t\t\t\t\t\t\t<div class=\"elementor-row\">\n\t\t\t\t\t<div class=\"aux-parallax-section elementor-column elementor-col-33 elementor-top-column elementor-element elementor-element-2d2f4ea\" data-id=\"2d2f4ea\" data-element_type=\"column\">\n\t\t\t<div class=\"elementor-column-wrap elementor-element-populated\">\n\t\t\t\t\t\t\t<div class=\"elementor-widget-wrap\">\n\t\t\t\t\t\t<div class=\"elementor-element elementor-element-eb6c685 elementor-widget elementor-widget-aux_menu_box\" data-id=\"eb6c685\" data-element_type=\"widget\" data-widget_type=\"aux_menu_box.default\">\n\t\t\t\t<div class=\"elementor-widget-container\">\n\t\t\t<div class=\"aux-elementor-header-menu aux-nav-menu-element aux-nav-menu-element-eb6c685\"><div class=\"aux-burger-box\" data-target-panel=\"toggle-bar\" data-target-content=\".elementor-element-eb6c685 .aux-master-menu\"><div class=\"aux-burger aux-lite-small\"><span class=\"mid-line\"><\/span><\/div><\/div><!-- start master menu -->\n<nav id=\"master-menu-elementor-eb6c685\" class=\"menu-hizmetlerimiz-container\">\n\n\t<ul id=\"menu-hizmetlerimiz\" class=\"aux-master-menu aux-no-js aux-skin-classic aux-with-indicator aux-vertical\" data-type=\"vertical\"  data-switch-type=\"toggle\" data-switch-parent=\".elementor-element-eb6c685 .aux-toggle-menu-bar\" data-switch-width=\"768\"  >\n\t\t<!-- start single menu -->\n\t\t<li id=\"menu-item-609\" class=\"menu-item menu-item-type-post_type menu-item-object-page menu-item-609 aux-menu-depth-0 aux-menu-root-1 aux-menu-item\">\n\t\t\t<a href=\"https:\/\/iletenmetalkaplama.com\/en\/degresing\/\" class=\"aux-item-content\">\n\t\t\t\t<span class=\"aux-menu-label\">Degresing<\/span>\n\t\t\t<\/a>\n\t\t<\/li>\n\t\t<!-- end single menu -->\n\t\t<!-- start single menu -->\n\t\t<li id=\"menu-item-610\" class=\"menu-item menu-item-type-post_type menu-item-object-page menu-item-610 aux-menu-depth-0 aux-menu-root-2 aux-menu-item\">\n\t\t\t<a href=\"https:\/\/iletenmetalkaplama.com\/en\/?page_id=606\" class=\"aux-item-content\">\n\t\t\t\t<span class=\"aux-menu-label\">Electroless Nickel Coating<\/span>\n\t\t\t<\/a>\n\t\t<\/li>\n\t\t<!-- end single menu -->\n\t\t<!-- start single menu -->\n\t\t<li id=\"menu-item-530\" class=\"menu-item menu-item-type-post_type menu-item-object-page menu-item-530 aux-menu-depth-0 aux-menu-root-3 aux-menu-item\">\n\t\t\t<a href=\"https:\/\/iletenmetalkaplama.com\/en\/cinko-demir-kaplama\/\" class=\"aux-item-content\">\n\t\t\t\t<span class=\"aux-menu-label\">ZINC-IRON Coating<\/span>\n\t\t\t<\/a>\n\t\t<\/li>\n\t\t<!-- end single menu -->\n\t\t<!-- start single menu -->\n\t\t<li id=\"menu-item-531\" class=\"menu-item menu-item-type-post_type menu-item-object-page menu-item-531 aux-menu-depth-0 aux-menu-root-4 aux-menu-item\">\n\t\t\t<a href=\"https:\/\/iletenmetalkaplama.com\/en\/altin-kaplama\/\" class=\"aux-item-content\">\n\t\t\t\t<span class=\"aux-menu-label\">Gold Coating<\/span>\n\t\t\t<\/a>\n\t\t<\/li>\n\t\t<!-- end single menu -->\n\t\t<!-- start single menu -->\n\t\t<li id=\"menu-item-532\" class=\"menu-item menu-item-type-post_type menu-item-object-page menu-item-532 aux-menu-depth-0 aux-menu-root-5 aux-menu-item\">\n\t\t\t<a href=\"https:\/\/iletenmetalkaplama.com\/en\/?page_id=140\" class=\"aux-item-content\">\n\t\t\t\t<span class=\"aux-menu-label\">Nickel Coating<\/span>\n\t\t\t<\/a>\n\t\t<\/li>\n\t\t<!-- end single menu -->\n\t\t<!-- start single menu -->\n\t\t<li id=\"menu-item-533\" class=\"menu-item menu-item-type-post_type menu-item-object-page menu-item-533 aux-menu-depth-0 aux-menu-root-6 aux-menu-item\">\n\t\t\t<a href=\"https:\/\/iletenmetalkaplama.com\/en\/bakir-kaplama\/\" class=\"aux-item-content\">\n\t\t\t\t<span class=\"aux-menu-label\">Copper Coating<\/span>\n\t\t\t<\/a>\n\t\t<\/li>\n\t\t<!-- end single menu -->\n\t\t<!-- start single menu -->\n\t\t<li id=\"menu-item-534\" class=\"menu-item menu-item-type-post_type menu-item-object-page menu-item-534 aux-menu-depth-0 aux-menu-root-7 aux-menu-item\">\n\t\t\t<a href=\"https:\/\/iletenmetalkaplama.com\/en\/gumus-kaplama\/\" class=\"aux-item-content\">\n\t\t\t\t<span class=\"aux-menu-label\">Silver Coating<\/span>\n\t\t\t<\/a>\n\t\t<\/li>\n\t\t<!-- end single menu -->\n\t\t<!-- start single menu -->\n\t\t<li id=\"menu-item-535\" class=\"menu-item menu-item-type-post_type menu-item-object-page menu-item-535 aux-menu-depth-0 aux-menu-root-8 aux-menu-item\">\n\t\t\t<a href=\"https:\/\/iletenmetalkaplama.com\/en\/kalay-kaplama\/\" class=\"aux-item-content\">\n\t\t\t\t<span class=\"aux-menu-label\">Tin Coating<\/span>\n\t\t\t<\/a>\n\t\t<\/li>\n\t\t<!-- end single menu -->\n\t\t<!-- start single menu -->\n\t\t<li id=\"menu-item-536\" class=\"menu-item menu-item-type-post_type menu-item-object-page menu-item-536 aux-menu-depth-0 aux-menu-root-9 aux-menu-item\">\n\t\t\t<a href=\"https:\/\/iletenmetalkaplama.com\/en\/?page_id=135\" class=\"aux-item-content\">\n\t\t\t\t<span class=\"aux-menu-label\">Alkaline Zinc Nickel Coating<\/span>\n\t\t\t<\/a>\n\t\t<\/li>\n\t\t<!-- end single menu -->\n\t\t<!-- start single menu -->\n\t\t<li id=\"menu-item-537\" class=\"menu-item menu-item-type-post_type menu-item-object-page menu-item-537 aux-menu-depth-0 aux-menu-root-10 aux-menu-item\">\n\t\t\t<a href=\"https:\/\/iletenmetalkaplama.com\/en\/alkali-cinko-kaplama\/\" class=\"aux-item-content\">\n\t\t\t\t<span class=\"aux-menu-label\">Alkaline Zinc Coating<\/span>\n\t\t\t<\/a>\n\t\t<\/li>\n\t\t<!-- end single menu -->\n\t\t<!-- start single menu -->\n\t\t<li id=\"menu-item-538\" class=\"menu-item menu-item-type-post_type menu-item-object-page menu-item-538 aux-menu-depth-0 aux-menu-root-11 aux-menu-item\">\n\t\t\t<a href=\"https:\/\/iletenmetalkaplama.com\/en\/eloksal-kaplama\/\" class=\"aux-item-content\">\n\t\t\t\t<span class=\"aux-menu-label\">Anodized Coating<\/span>\n\t\t\t<\/a>\n\t\t<\/li>\n\t\t<!-- end single menu -->\n\t<\/ul>\n\n<\/nav>\n<!-- end master menu -->\n<div class=\"aux-toggle-menu-bar\"><\/div><\/div><style>@media only screen and (min-width: 769px) { .elementor-element-eb6c685 .aux-burger-box { display: none } }<\/style>\t\t<\/div>\n\t\t\t\t<\/div>\n\t\t\t\t\t\t<\/div>\n\t\t\t\t\t<\/div>\n\t\t<\/div>\n\t\t\t\t<div class=\"aux-parallax-section elementor-column elementor-col-66 elementor-top-column elementor-element elementor-element-cb65981\" data-id=\"cb65981\" data-element_type=\"column\">\n\t\t\t<div class=\"elementor-column-wrap elementor-element-populated\">\n\t\t\t\t\t\t\t<div class=\"elementor-widget-wrap\">\n\t\t\t\t\t\t<div class=\"elementor-element elementor-element-98209d7 elementor-widget elementor-widget-image\" data-id=\"98209d7\" data-element_type=\"widget\" data-widget_type=\"image.default\">\n\t\t\t\t<div class=\"elementor-widget-container\">\n\t\t\t\t\t\t\t\t<div class=\"elementor-image\">\n\t\t\t\t\t\t\t\t\t\t\t\t<img loading=\"lazy\" decoding=\"async\" width=\"840\" height=\"500\" src=\"https:\/\/iletenmetalkaplama.com\/wp-content\/uploads\/2022\/05\/12.jpg\" class=\"attachment-full size-full\" alt=\"\" \/>\t\t\t\t\t\t\t\t\t\t\t\t\t\t<\/div>\n\t\t\t\t\t\t<\/div>\n\t\t\t\t<\/div>\n\t\t\t\t<div class=\"elementor-element elementor-element-5e9fa41 elementor-widget elementor-widget-heading\" data-id=\"5e9fa41\" data-element_type=\"widget\" data-widget_type=\"heading.default\">\n\t\t\t\t<div class=\"elementor-widget-container\">\n\t\t\t<h2 class=\"elementor-heading-title elementor-size-default\">ZINC-IRON Coating<\/h2>\t\t<\/div>\n\t\t\t\t<\/div>\n\t\t\t\t<div class=\"elementor-element elementor-element-16d393a elementor-widget elementor-widget-text-editor\" data-id=\"16d393a\" data-element_type=\"widget\" data-widget_type=\"text-editor.default\">\n\t\t\t\t<div class=\"elementor-widget-container\">\n\t\t\t\t\t\t\t\t<div class=\"elementor-text-editor elementor-clearfix\">\n\t\t\t\t<p>Zinc-Iron alloy coating has several advantages. Zinc-Iron is high corrosion resistant, and its coating distribution is homogeneous.<\/p>\t\t\t\t\t<\/div>\n\t\t\t\t\t\t<\/div>\n\t\t\t\t<\/div>\n\t\t\t\t<div class=\"elementor-element elementor-element-1f1c46a elementor-widget elementor-widget-heading\" data-id=\"1f1c46a\" data-element_type=\"widget\" data-widget_type=\"heading.default\">\n\t\t\t\t<div class=\"elementor-widget-container\">\n\t\t\t<h5 class=\"elementor-heading-title elementor-size-default\">ZINC-IRON Coating IN \u0130LETEN<\/h5>\t\t<\/div>\n\t\t\t\t<\/div>\n\t\t\t\t<div class=\"elementor-element elementor-element-0477be1 elementor-widget elementor-widget-text-editor\" data-id=\"0477be1\" data-element_type=\"widget\" data-widget_type=\"text-editor.default\">\n\t\t\t\t<div class=\"elementor-widget-container\">\n\t\t\t\t\t\t\t\t<div class=\"elementor-text-editor elementor-clearfix\">\n\t\t\t\t<p>Our flexible applications can respond to customized requests of customers with chemicals that do not contain heavy metals. These applications are by international standards.<\/p>\t\t\t\t\t<\/div>\n\t\t\t\t\t\t<\/div>\n\t\t\t\t<\/div>\n\t\t\t\t<div class=\"elementor-element elementor-element-3d0fb84 elementor-widget elementor-widget-heading\" data-id=\"3d0fb84\" data-element_type=\"widget\" data-widget_type=\"heading.default\">\n\t\t\t\t<div class=\"elementor-widget-container\">\n\t\t\t<h5 class=\"elementor-heading-title elementor-size-default\">USAGE AREAS;<\/h5>\t\t<\/div>\n\t\t\t\t<\/div>\n\t\t\t\t<div class=\"elementor-element elementor-element-0d78366 elementor-widget elementor-widget-text-editor\" data-id=\"0d78366\" data-element_type=\"widget\" data-widget_type=\"text-editor.default\">\n\t\t\t\t<div class=\"elementor-widget-container\">\n\t\t\t\t\t\t\t\t<div class=\"elementor-text-editor elementor-clearfix\">\n\t\t\t\t<ul><li>In recent years, it has been replaced by zinc-nickel coating, which provides higher corrosion resistance. Nevertheless, it is still demanded in many sectors, primarily in the automotive, electricity, and similar sectors.<\/li><\/ul>\t\t\t\t\t<\/div>\n\t\t\t\t\t\t<\/div>\n\t\t\t\t<\/div>\n\t\t\t\t\t\t<\/div>\n\t\t\t\t\t<\/div>\n\t\t<\/div>\n\t\t\t\t\t\t\t\t<\/div>\n\t\t\t\t\t<\/div>\n\t\t<\/section>\n\t\t\t\t\t\t\t\t\t<\/div>\n\t\t\t<\/div>\n\t\t\t\t\t<\/div>","protected":false},"excerpt":{"rendered":"<p>\u00c7inko Demir Kaplama Alt\u0131n Kaplama Nikel Kaplama Bak\u0131r Kaplama G\u00fcm\u00fc\u015f Kaplama Kalay Kaplama Alkali \u00c7inko Nikel Kaplama Alkali \u00c7inko Kaplama Eloksal Kaplama \u00c7inko Demir Kaplama \u00c7inko-Demir ala\u015f\u0131ml\u0131 kaplama \u00e7e\u015fitli avantajlara sahiptir. \u00c7inko-Demir, y\u00fcksek korozyon dayan\u0131m\u0131, homojen kaplama da\u011f\u0131l\u0131m\u0131na sahiptir. \u0130LETENDE \u00c7\u0130NKO-DEM\u0130R KAPLAMA Uluslararas\u0131 standartlar esas al\u0131narak, a\u011f\u0131r metal i\u00e7ermeyen kimyasallar ile m\u00fc\u015fteri \u00f6zel isteklerine cevap [&hellip;]<\/p>","protected":false},"author":1,"featured_media":0,"parent":0,"menu_order":0,"comment_status":"closed","ping_status":"closed","template":"","meta":{"footnotes":""},"class_list":["post-137","page","type-page","status-publish","hentry"],"yoast_head":"<!-- This site is optimized with the Yoast SEO plugin v18.9 - https:\/\/yoast.com\/wordpress\/plugins\/seo\/ -->\n<title>\u00c7inko Demir Kaplama - \u0130leten Metal Kaplama M\u00fchendislik<\/title>\n<meta name=\"robots\" content=\"index, follow, max-snippet:-1, max-image-preview:large, max-video-preview:-1\" \/>\n<link rel=\"canonical\" href=\"https:\/\/iletenmetalkaplama.com\/en\/cinko-demir-kaplama\/\" \/>\n<meta property=\"og:locale\" content=\"en_US\" \/>\n<meta property=\"og:type\" content=\"article\" \/>\n<meta property=\"og:title\" content=\"\u00c7inko Demir Kaplama - \u0130leten Metal Kaplama M\u00fchendislik\" \/>\n<meta property=\"og:description\" content=\"\u00c7inko Demir Kaplama Alt\u0131n Kaplama Nikel Kaplama Bak\u0131r Kaplama G\u00fcm\u00fc\u015f Kaplama Kalay Kaplama Alkali \u00c7inko Nikel Kaplama Alkali \u00c7inko Kaplama Eloksal Kaplama \u00c7inko Demir Kaplama \u00c7inko-Demir ala\u015f\u0131ml\u0131 kaplama \u00e7e\u015fitli avantajlara sahiptir. \u00c7inko-Demir, y\u00fcksek korozyon dayan\u0131m\u0131, homojen kaplama da\u011f\u0131l\u0131m\u0131na sahiptir. \u0130LETENDE \u00c7\u0130NKO-DEM\u0130R KAPLAMA Uluslararas\u0131 standartlar esas al\u0131narak, a\u011f\u0131r metal i\u00e7ermeyen kimyasallar ile m\u00fc\u015fteri \u00f6zel isteklerine cevap [&hellip;]\" \/>\n<meta property=\"og:url\" content=\"https:\/\/iletenmetalkaplama.com\/en\/cinko-demir-kaplama\/\" \/>\n<meta property=\"og:site_name\" content=\"\u0130leten Metal Kaplama M\u00fchendislik\" \/>\n<meta property=\"article:modified_time\" content=\"2022-05-23T06:42:03+00:00\" \/>\n<meta property=\"og:image\" content=\"https:\/\/iletenmetalkaplama.com\/wp-content\/uploads\/2022\/05\/12.jpg\" \/>\n<meta name=\"twitter:card\" content=\"summary_large_image\" \/>\n<meta name=\"twitter:label1\" content=\"Est. reading time\" \/>\n\t<meta name=\"twitter:data1\" content=\"1 minute\" \/>\n<script type=\"application\/ld+json\" class=\"yoast-schema-graph\">{\"@context\":\"https:\/\/schema.org\",\"@graph\":[{\"@type\":\"WebSite\",\"@id\":\"https:\/\/iletenmetalkaplama.com\/#website\",\"url\":\"https:\/\/iletenmetalkaplama.com\/\",\"name\":\"\u0130leten Metal Kaplama M\u00fchendislik\",\"description\":\"\u0130leten Metal Kaplama M\u00fchendislik\",\"potentialAction\":[{\"@type\":\"SearchAction\",\"target\":{\"@type\":\"EntryPoint\",\"urlTemplate\":\"https:\/\/iletenmetalkaplama.com\/?s={search_term_string}\"},\"query-input\":\"required name=search_term_string\"}],\"inLanguage\":\"en-US\"},{\"@type\":\"ImageObject\",\"inLanguage\":\"en-US\",\"@id\":\"https:\/\/iletenmetalkaplama.com\/cinko-demir-kaplama\/#primaryimage\",\"url\":\"https:\/\/iletenmetalkaplama.com\/wp-content\/uploads\/2022\/05\/12.jpg\",\"contentUrl\":\"https:\/\/iletenmetalkaplama.com\/wp-content\/uploads\/2022\/05\/12.jpg\",\"width\":840,\"height\":500},{\"@type\":\"WebPage\",\"@id\":\"https:\/\/iletenmetalkaplama.com\/cinko-demir-kaplama\/#webpage\",\"url\":\"https:\/\/iletenmetalkaplama.com\/cinko-demir-kaplama\/\",\"name\":\"\u00c7inko Demir Kaplama - \u0130leten Metal Kaplama M\u00fchendislik\",\"isPartOf\":{\"@id\":\"https:\/\/iletenmetalkaplama.com\/#website\"},\"primaryImageOfPage\":{\"@id\":\"https:\/\/iletenmetalkaplama.com\/cinko-demir-kaplama\/#primaryimage\"},\"datePublished\":\"2022-05-18T14:12:47+00:00\",\"dateModified\":\"2022-05-23T06:42:03+00:00\",\"breadcrumb\":{\"@id\":\"https:\/\/iletenmetalkaplama.com\/cinko-demir-kaplama\/#breadcrumb\"},\"inLanguage\":\"en-US\",\"potentialAction\":[{\"@type\":\"ReadAction\",\"target\":[\"https:\/\/iletenmetalkaplama.com\/cinko-demir-kaplama\/\"]}]},{\"@type\":\"BreadcrumbList\",\"@id\":\"https:\/\/iletenmetalkaplama.com\/cinko-demir-kaplama\/#breadcrumb\",\"itemListElement\":[{\"@type\":\"ListItem\",\"position\":1,\"name\":\"Anasayfa\",\"item\":\"https:\/\/iletenmetalkaplama.com\/\"},{\"@type\":\"ListItem\",\"position\":2,\"name\":\"\u00c7inko Demir Kaplama\"}]}]}<\/script>\n<!-- \/ Yoast SEO plugin. -->","yoast_head_json":{"title":"\u00c7inko Demir Kaplama - \u0130leten Metal Kaplama M\u00fchendislik","robots":{"index":"index","follow":"follow","max-snippet":"max-snippet:-1","max-image-preview":"max-image-preview:large","max-video-preview":"max-video-preview:-1"},"canonical":"https:\/\/iletenmetalkaplama.com\/en\/cinko-demir-kaplama\/","og_locale":"en_US","og_type":"article","og_title":"\u00c7inko Demir Kaplama - \u0130leten Metal Kaplama M\u00fchendislik","og_description":"\u00c7inko Demir Kaplama Alt\u0131n Kaplama Nikel Kaplama Bak\u0131r Kaplama G\u00fcm\u00fc\u015f Kaplama Kalay Kaplama Alkali \u00c7inko Nikel Kaplama Alkali \u00c7inko Kaplama Eloksal Kaplama \u00c7inko Demir Kaplama \u00c7inko-Demir ala\u015f\u0131ml\u0131 kaplama \u00e7e\u015fitli avantajlara sahiptir. \u00c7inko-Demir, y\u00fcksek korozyon dayan\u0131m\u0131, homojen kaplama da\u011f\u0131l\u0131m\u0131na sahiptir. \u0130LETENDE \u00c7\u0130NKO-DEM\u0130R KAPLAMA Uluslararas\u0131 standartlar esas al\u0131narak, a\u011f\u0131r metal i\u00e7ermeyen kimyasallar ile m\u00fc\u015fteri \u00f6zel isteklerine cevap [&hellip;]","og_url":"https:\/\/iletenmetalkaplama.com\/en\/cinko-demir-kaplama\/","og_site_name":"\u0130leten Metal Kaplama M\u00fchendislik","article_modified_time":"2022-05-23T06:42:03+00:00","og_image":[{"url":"https:\/\/iletenmetalkaplama.com\/wp-content\/uploads\/2022\/05\/12.jpg"}],"twitter_card":"summary_large_image","twitter_misc":{"Est. reading time":"1 minute"},"schema":{"@context":"https:\/\/schema.org","@graph":[{"@type":"WebSite","@id":"https:\/\/iletenmetalkaplama.com\/#website","url":"https:\/\/iletenmetalkaplama.com\/","name":"\u0130leten Metal Kaplama M\u00fchendislik","description":"\u0130leten Metal Kaplama M\u00fchendislik","potentialAction":[{"@type":"SearchAction","target":{"@type":"EntryPoint","urlTemplate":"https:\/\/iletenmetalkaplama.com\/?s={search_term_string}"},"query-input":"required name=search_term_string"}],"inLanguage":"en-US"},{"@type":"ImageObject","inLanguage":"en-US","@id":"https:\/\/iletenmetalkaplama.com\/cinko-demir-kaplama\/#primaryimage","url":"https:\/\/iletenmetalkaplama.com\/wp-content\/uploads\/2022\/05\/12.jpg","contentUrl":"https:\/\/iletenmetalkaplama.com\/wp-content\/uploads\/2022\/05\/12.jpg","width":840,"height":500},{"@type":"WebPage","@id":"https:\/\/iletenmetalkaplama.com\/cinko-demir-kaplama\/#webpage","url":"https:\/\/iletenmetalkaplama.com\/cinko-demir-kaplama\/","name":"\u00c7inko Demir Kaplama - \u0130leten Metal Kaplama M\u00fchendislik","isPartOf":{"@id":"https:\/\/iletenmetalkaplama.com\/#website"},"primaryImageOfPage":{"@id":"https:\/\/iletenmetalkaplama.com\/cinko-demir-kaplama\/#primaryimage"},"datePublished":"2022-05-18T14:12:47+00:00","dateModified":"2022-05-23T06:42:03+00:00","breadcrumb":{"@id":"https:\/\/iletenmetalkaplama.com\/cinko-demir-kaplama\/#breadcrumb"},"inLanguage":"en-US","potentialAction":[{"@type":"ReadAction","target":["https:\/\/iletenmetalkaplama.com\/cinko-demir-kaplama\/"]}]},{"@type":"BreadcrumbList","@id":"https:\/\/iletenmetalkaplama.com\/cinko-demir-kaplama\/#breadcrumb","itemListElement":[{"@type":"ListItem","position":1,"name":"Anasayfa","item":"https:\/\/iletenmetalkaplama.com\/"},{"@type":"ListItem","position":2,"name":"\u00c7inko Demir Kaplama"}]}]}},"_links":{"self":[{"href":"https:\/\/iletenmetalkaplama.com\/en\/wp-json\/wp\/v2\/pages\/137","targetHints":{"allow":["GET"]}}],"collection":[{"href":"https:\/\/iletenmetalkaplama.com\/en\/wp-json\/wp\/v2\/pages"}],"about":[{"href":"https:\/\/iletenmetalkaplama.com\/en\/wp-json\/wp\/v2\/types\/page"}],"author":[{"embeddable":true,"href":"https:\/\/iletenmetalkaplama.com\/en\/wp-json\/wp\/v2\/users\/1"}],"replies":[{"embeddable":true,"href":"https:\/\/iletenmetalkaplama.com\/en\/wp-json\/wp\/v2\/comments?post=137"}],"version-history":[{"count":7,"href":"https:\/\/iletenmetalkaplama.com\/en\/wp-json\/wp\/v2\/pages\/137\/revisions"}],"predecessor-version":[{"id":544,"href":"https:\/\/iletenmetalkaplama.com\/en\/wp-json\/wp\/v2\/pages\/137\/revisions\/544"}],"wp:attachment":[{"href":"https:\/\/iletenmetalkaplama.com\/en\/wp-json\/wp\/v2\/media?parent=137"}],"curies":[{"name":"wp","href":"https:\/\/api.w.org\/{rel}","templated":true}]}}