{"id":128,"date":"2022-05-18T17:12:46","date_gmt":"2022-05-18T14:12:46","guid":{"rendered":"https:\/\/i.iletenmetalkaplama.com\/?page_id=128"},"modified":"2022-05-20T16:59:14","modified_gmt":"2022-05-20T13:59:14","slug":"misyon-vizyon","status":"publish","type":"page","link":"https:\/\/iletenmetalkaplama.com\/en\/misyon-vizyon\/","title":{"rendered":"Mission Vision"},"content":{"rendered":"<div data-elementor-type=\"wp-page\" data-elementor-id=\"128\" class=\"elementor elementor-128\">\n\t\t\t\t\t\t<div class=\"elementor-inner\">\n\t\t\t\t<div class=\"elementor-section-wrap\">\n\t\t\t\t\t\t\t\t\t<section class=\"elementor-section elementor-top-section elementor-element elementor-element-78da058 elementor-section-boxed elementor-section-height-default elementor-section-height-default\" data-id=\"78da058\" data-element_type=\"section\">\n\t\t\t\t\t\t<div class=\"elementor-container elementor-column-gap-default\">\n\t\t\t\t\t\t\t<div class=\"elementor-row\">\n\t\t\t\t\t<div class=\"aux-parallax-section elementor-column elementor-col-50 elementor-top-column elementor-element elementor-element-3a635e4\" data-id=\"3a635e4\" data-element_type=\"column\">\n\t\t\t<div class=\"elementor-column-wrap elementor-element-populated\">\n\t\t\t\t\t\t\t<div class=\"elementor-widget-wrap\">\n\t\t\t\t\t\t<div class=\"elementor-element elementor-element-22b7a59 elementor-widget elementor-widget-aux_modern_heading\" data-id=\"22b7a59\" data-element_type=\"widget\" data-widget_type=\"aux_modern_heading.default\">\n\t\t\t\t<div class=\"elementor-widget-container\">\n\t\t\t<section class=\"aux-widget-modern-heading\">\n            <div class=\"aux-widget-inner\"><h2 class=\"aux-modern-heading-primary\">Misyon<\/h2><div class=\"aux-modern-heading-divider\"><\/div><\/div>\n        <\/section>\t\t<\/div>\n\t\t\t\t<\/div>\n\t\t\t\t<div class=\"elementor-element elementor-element-79a4f3b elementor-widget elementor-widget-text-editor\" data-id=\"79a4f3b\" data-element_type=\"widget\" data-widget_type=\"text-editor.default\">\n\t\t\t\t<div class=\"elementor-widget-container\">\n\t\t\t\t\t\t\t\t<div class=\"elementor-text-editor elementor-clearfix\">\n\t\t\t\t<p style=\"text-align: center;\">Rekabet\u00e7i ve s\u00fcrd\u00fcr\u00fclebilir b\u00fcy\u00fcme potansiyeli olan &#8220;stratejik bir portf\u00f6y\u00fc&#8221; payda\u015flar\u0131na de\u011fer yaratacak \u015fekilde y\u00f6netmek<\/p>\t\t\t\t\t<\/div>\n\t\t\t\t\t\t<\/div>\n\t\t\t\t<\/div>\n\t\t\t\t\t\t<\/div>\n\t\t\t\t\t<\/div>\n\t\t<\/div>\n\t\t\t\t<div class=\"aux-parallax-section elementor-column elementor-col-50 elementor-top-column elementor-element elementor-element-d116cf2\" data-id=\"d116cf2\" data-element_type=\"column\">\n\t\t\t<div class=\"elementor-column-wrap elementor-element-populated\">\n\t\t\t\t\t\t\t<div class=\"elementor-widget-wrap\">\n\t\t\t\t\t\t<div class=\"elementor-element elementor-element-91d3058 elementor-widget elementor-widget-aux_modern_heading\" data-id=\"91d3058\" data-element_type=\"widget\" data-widget_type=\"aux_modern_heading.default\">\n\t\t\t\t<div class=\"elementor-widget-container\">\n\t\t\t<section class=\"aux-widget-modern-heading\">\n            <div class=\"aux-widget-inner\"><h2 class=\"aux-modern-heading-primary\">Vizyon<\/h2><div class=\"aux-modern-heading-divider\"><\/div><\/div>\n        <\/section>\t\t<\/div>\n\t\t\t\t<\/div>\n\t\t\t\t<div class=\"elementor-element elementor-element-c6a6815 elementor-widget elementor-widget-text-editor\" data-id=\"c6a6815\" data-element_type=\"widget\" data-widget_type=\"text-editor.default\">\n\t\t\t\t<div class=\"elementor-widget-container\">\n\t\t\t\t\t\t\t\t<div class=\"elementor-text-editor elementor-clearfix\">\n\t\t\t\t<p>Farkl\u0131l\u0131klar yaratarak kal\u0131c\u0131 \u00fcst\u00fcnl\u00fckler sa\u011flamak<\/p>\t\t\t\t\t<\/div>\n\t\t\t\t\t\t<\/div>\n\t\t\t\t<\/div>\n\t\t\t\t\t\t<\/div>\n\t\t\t\t\t<\/div>\n\t\t<\/div>\n\t\t\t\t\t\t\t\t<\/div>\n\t\t\t\t\t<\/div>\n\t\t<\/section>\n\t\t\t\t<section class=\"elementor-section elementor-top-section elementor-element elementor-element-d18c9e9 elementor-section-boxed elementor-section-height-default elementor-section-height-default\" data-id=\"d18c9e9\" data-element_type=\"section\">\n\t\t\t\t\t\t<div class=\"elementor-container elementor-column-gap-default\">\n\t\t\t\t\t\t\t<div class=\"elementor-row\">\n\t\t\t\t\t<div class=\"aux-parallax-section elementor-column elementor-col-50 elementor-top-column elementor-element elementor-element-c51770f\" data-id=\"c51770f\" data-element_type=\"column\">\n\t\t\t<div class=\"elementor-column-wrap elementor-element-populated\">\n\t\t\t\t\t\t\t<div class=\"elementor-widget-wrap\">\n\t\t\t\t\t\t<div class=\"elementor-element elementor-element-9ca0966 elementor-widget elementor-widget-image\" data-id=\"9ca0966\" data-element_type=\"widget\" data-widget_type=\"image.default\">\n\t\t\t\t<div class=\"elementor-widget-container\">\n\t\t\t\t\t\t\t\t<div class=\"elementor-image\">\n\t\t\t\t\t\t\t\t\t\t\t\t<img loading=\"lazy\" decoding=\"async\" width=\"370\" height=\"214\" src=\"https:\/\/iletenmetalkaplama.com\/wp-content\/uploads\/2022\/05\/misyon.jpg\" class=\"attachment-large size-large\" alt=\"\" \/>\t\t\t\t\t\t\t\t\t\t\t\t\t\t<\/div>\n\t\t\t\t\t\t<\/div>\n\t\t\t\t<\/div>\n\t\t\t\t\t\t<\/div>\n\t\t\t\t\t<\/div>\n\t\t<\/div>\n\t\t\t\t<div class=\"aux-parallax-section elementor-column elementor-col-50 elementor-top-column elementor-element elementor-element-bcd87d5\" data-id=\"bcd87d5\" data-element_type=\"column\">\n\t\t\t<div class=\"elementor-column-wrap elementor-element-populated\">\n\t\t\t\t\t\t\t<div class=\"elementor-widget-wrap\">\n\t\t\t\t\t\t<div class=\"elementor-element elementor-element-dc8baaf elementor-widget elementor-widget-image\" data-id=\"dc8baaf\" data-element_type=\"widget\" data-widget_type=\"image.default\">\n\t\t\t\t<div class=\"elementor-widget-container\">\n\t\t\t\t\t\t\t\t<div class=\"elementor-image\">\n\t\t\t\t\t\t\t\t\t\t\t\t<img loading=\"lazy\" decoding=\"async\" width=\"370\" height=\"214\" src=\"https:\/\/iletenmetalkaplama.com\/wp-content\/uploads\/2022\/05\/vizyon.jpg\" class=\"attachment-large size-large\" alt=\"\" \/>\t\t\t\t\t\t\t\t\t\t\t\t\t\t<\/div>\n\t\t\t\t\t\t<\/div>\n\t\t\t\t<\/div>\n\t\t\t\t\t\t<\/div>\n\t\t\t\t\t<\/div>\n\t\t<\/div>\n\t\t\t\t\t\t\t\t<\/div>\n\t\t\t\t\t<\/div>\n\t\t<\/section>\n\t\t\t\t\t\t\t\t\t<\/div>\n\t\t\t<\/div>\n\t\t\t\t\t<\/div>","protected":false},"excerpt":{"rendered":"<p>Misyon Rekabet\u00e7i ve s\u00fcrd\u00fcr\u00fclebilir b\u00fcy\u00fcme potansiyeli olan &#8220;stratejik bir portf\u00f6y\u00fc&#8221; payda\u015flar\u0131na de\u011fer yaratacak \u015fekilde y\u00f6netmek Vizyon Farkl\u0131l\u0131klar yaratarak kal\u0131c\u0131 \u00fcst\u00fcnl\u00fckler sa\u011flamak<\/p>","protected":false},"author":1,"featured_media":0,"parent":0,"menu_order":0,"comment_status":"closed","ping_status":"closed","template":"","meta":{"footnotes":""},"class_list":["post-128","page","type-page","status-publish","hentry"],"yoast_head":"<!-- This site is optimized with the Yoast SEO plugin v18.9 - https:\/\/yoast.com\/wordpress\/plugins\/seo\/ -->\n<title>Misyon Vizyon - \u0130leten Metal Kaplama M\u00fchendislik<\/title>\n<meta name=\"robots\" content=\"index, follow, max-snippet:-1, max-image-preview:large, max-video-preview:-1\" \/>\n<link rel=\"canonical\" href=\"https:\/\/iletenmetalkaplama.com\/en\/misyon-vizyon\/\" \/>\n<meta property=\"og:locale\" content=\"en_US\" \/>\n<meta property=\"og:type\" content=\"article\" \/>\n<meta property=\"og:title\" content=\"Misyon Vizyon - \u0130leten Metal Kaplama M\u00fchendislik\" \/>\n<meta property=\"og:description\" content=\"Misyon Rekabet\u00e7i ve s\u00fcrd\u00fcr\u00fclebilir b\u00fcy\u00fcme potansiyeli olan &#8220;stratejik bir portf\u00f6y\u00fc&#8221; payda\u015flar\u0131na de\u011fer yaratacak \u015fekilde y\u00f6netmek Vizyon Farkl\u0131l\u0131klar yaratarak kal\u0131c\u0131 \u00fcst\u00fcnl\u00fckler sa\u011flamak\" \/>\n<meta property=\"og:url\" content=\"https:\/\/iletenmetalkaplama.com\/en\/misyon-vizyon\/\" \/>\n<meta property=\"og:site_name\" content=\"\u0130leten Metal Kaplama M\u00fchendislik\" \/>\n<meta property=\"article:modified_time\" content=\"2022-05-20T13:59:14+00:00\" \/>\n<meta property=\"og:image\" content=\"https:\/\/iletenmetalkaplama.com\/wp-content\/uploads\/2022\/05\/misyon.jpg\" \/>\n<meta name=\"twitter:card\" content=\"summary_large_image\" \/>\n<script type=\"application\/ld+json\" class=\"yoast-schema-graph\">{\"@context\":\"https:\/\/schema.org\",\"@graph\":[{\"@type\":\"WebSite\",\"@id\":\"https:\/\/iletenmetalkaplama.com\/#website\",\"url\":\"https:\/\/iletenmetalkaplama.com\/\",\"name\":\"\u0130leten Metal Kaplama M\u00fchendislik\",\"description\":\"\u0130leten Metal Kaplama M\u00fchendislik\",\"potentialAction\":[{\"@type\":\"SearchAction\",\"target\":{\"@type\":\"EntryPoint\",\"urlTemplate\":\"https:\/\/iletenmetalkaplama.com\/?s={search_term_string}\"},\"query-input\":\"required name=search_term_string\"}],\"inLanguage\":\"en-US\"},{\"@type\":\"ImageObject\",\"inLanguage\":\"en-US\",\"@id\":\"https:\/\/iletenmetalkaplama.com\/misyon-vizyon\/#primaryimage\",\"url\":\"https:\/\/iletenmetalkaplama.com\/wp-content\/uploads\/2022\/05\/misyon.jpg\",\"contentUrl\":\"https:\/\/iletenmetalkaplama.com\/wp-content\/uploads\/2022\/05\/misyon.jpg\",\"width\":370,\"height\":214},{\"@type\":\"WebPage\",\"@id\":\"https:\/\/iletenmetalkaplama.com\/misyon-vizyon\/#webpage\",\"url\":\"https:\/\/iletenmetalkaplama.com\/misyon-vizyon\/\",\"name\":\"Misyon Vizyon - \u0130leten Metal Kaplama M\u00fchendislik\",\"isPartOf\":{\"@id\":\"https:\/\/iletenmetalkaplama.com\/#website\"},\"primaryImageOfPage\":{\"@id\":\"https:\/\/iletenmetalkaplama.com\/misyon-vizyon\/#primaryimage\"},\"datePublished\":\"2022-05-18T14:12:46+00:00\",\"dateModified\":\"2022-05-20T13:59:14+00:00\",\"breadcrumb\":{\"@id\":\"https:\/\/iletenmetalkaplama.com\/misyon-vizyon\/#breadcrumb\"},\"inLanguage\":\"en-US\",\"potentialAction\":[{\"@type\":\"ReadAction\",\"target\":[\"https:\/\/iletenmetalkaplama.com\/misyon-vizyon\/\"]}]},{\"@type\":\"BreadcrumbList\",\"@id\":\"https:\/\/iletenmetalkaplama.com\/misyon-vizyon\/#breadcrumb\",\"itemListElement\":[{\"@type\":\"ListItem\",\"position\":1,\"name\":\"Anasayfa\",\"item\":\"https:\/\/iletenmetalkaplama.com\/\"},{\"@type\":\"ListItem\",\"position\":2,\"name\":\"Misyon Vizyon\"}]}]}<\/script>\n<!-- \/ Yoast SEO plugin. -->","yoast_head_json":{"title":"Misyon Vizyon - \u0130leten Metal Kaplama M\u00fchendislik","robots":{"index":"index","follow":"follow","max-snippet":"max-snippet:-1","max-image-preview":"max-image-preview:large","max-video-preview":"max-video-preview:-1"},"canonical":"https:\/\/iletenmetalkaplama.com\/en\/misyon-vizyon\/","og_locale":"en_US","og_type":"article","og_title":"Misyon Vizyon - \u0130leten Metal Kaplama M\u00fchendislik","og_description":"Misyon Rekabet\u00e7i ve s\u00fcrd\u00fcr\u00fclebilir b\u00fcy\u00fcme potansiyeli olan &#8220;stratejik bir portf\u00f6y\u00fc&#8221; payda\u015flar\u0131na de\u011fer yaratacak \u015fekilde y\u00f6netmek Vizyon Farkl\u0131l\u0131klar yaratarak kal\u0131c\u0131 \u00fcst\u00fcnl\u00fckler sa\u011flamak","og_url":"https:\/\/iletenmetalkaplama.com\/en\/misyon-vizyon\/","og_site_name":"\u0130leten Metal Kaplama M\u00fchendislik","article_modified_time":"2022-05-20T13:59:14+00:00","og_image":[{"url":"https:\/\/iletenmetalkaplama.com\/wp-content\/uploads\/2022\/05\/misyon.jpg"}],"twitter_card":"summary_large_image","schema":{"@context":"https:\/\/schema.org","@graph":[{"@type":"WebSite","@id":"https:\/\/iletenmetalkaplama.com\/#website","url":"https:\/\/iletenmetalkaplama.com\/","name":"\u0130leten Metal Kaplama M\u00fchendislik","description":"\u0130leten Metal Kaplama M\u00fchendislik","potentialAction":[{"@type":"SearchAction","target":{"@type":"EntryPoint","urlTemplate":"https:\/\/iletenmetalkaplama.com\/?s={search_term_string}"},"query-input":"required name=search_term_string"}],"inLanguage":"en-US"},{"@type":"ImageObject","inLanguage":"en-US","@id":"https:\/\/iletenmetalkaplama.com\/misyon-vizyon\/#primaryimage","url":"https:\/\/iletenmetalkaplama.com\/wp-content\/uploads\/2022\/05\/misyon.jpg","contentUrl":"https:\/\/iletenmetalkaplama.com\/wp-content\/uploads\/2022\/05\/misyon.jpg","width":370,"height":214},{"@type":"WebPage","@id":"https:\/\/iletenmetalkaplama.com\/misyon-vizyon\/#webpage","url":"https:\/\/iletenmetalkaplama.com\/misyon-vizyon\/","name":"Misyon Vizyon - \u0130leten Metal Kaplama M\u00fchendislik","isPartOf":{"@id":"https:\/\/iletenmetalkaplama.com\/#website"},"primaryImageOfPage":{"@id":"https:\/\/iletenmetalkaplama.com\/misyon-vizyon\/#primaryimage"},"datePublished":"2022-05-18T14:12:46+00:00","dateModified":"2022-05-20T13:59:14+00:00","breadcrumb":{"@id":"https:\/\/iletenmetalkaplama.com\/misyon-vizyon\/#breadcrumb"},"inLanguage":"en-US","potentialAction":[{"@type":"ReadAction","target":["https:\/\/iletenmetalkaplama.com\/misyon-vizyon\/"]}]},{"@type":"BreadcrumbList","@id":"https:\/\/iletenmetalkaplama.com\/misyon-vizyon\/#breadcrumb","itemListElement":[{"@type":"ListItem","position":1,"name":"Anasayfa","item":"https:\/\/iletenmetalkaplama.com\/"},{"@type":"ListItem","position":2,"name":"Misyon Vizyon"}]}]}},"_links":{"self":[{"href":"https:\/\/iletenmetalkaplama.com\/en\/wp-json\/wp\/v2\/pages\/128","targetHints":{"allow":["GET"]}}],"collection":[{"href":"https:\/\/iletenmetalkaplama.com\/en\/wp-json\/wp\/v2\/pages"}],"about":[{"href":"https:\/\/iletenmetalkaplama.com\/en\/wp-json\/wp\/v2\/types\/page"}],"author":[{"embeddable":true,"href":"https:\/\/iletenmetalkaplama.com\/en\/wp-json\/wp\/v2\/users\/1"}],"replies":[{"embeddable":true,"href":"https:\/\/iletenmetalkaplama.com\/en\/wp-json\/wp\/v2\/comments?post=128"}],"version-history":[{"count":7,"href":"https:\/\/iletenmetalkaplama.com\/en\/wp-json\/wp\/v2\/pages\/128\/revisions"}],"predecessor-version":[{"id":505,"href":"https:\/\/iletenmetalkaplama.com\/en\/wp-json\/wp\/v2\/pages\/128\/revisions\/505"}],"wp:attachment":[{"href":"https:\/\/iletenmetalkaplama.com\/en\/wp-json\/wp\/v2\/media?parent=128"}],"curies":[{"name":"wp","href":"https:\/\/api.w.org\/{rel}","templated":true}]}}