{"id":125,"date":"2022-05-18T17:12:46","date_gmt":"2022-05-18T14:12:46","guid":{"rendered":"https:\/\/i.iletenmetalkaplama.com\/?page_id=125"},"modified":"2022-05-25T15:33:36","modified_gmt":"2022-05-25T12:33:36","slug":"hakkimizda","status":"publish","type":"page","link":"https:\/\/iletenmetalkaplama.com\/en\/hakkimizda\/","title":{"rendered":"About Us"},"content":{"rendered":"<div data-elementor-type=\"wp-page\" data-elementor-id=\"125\" class=\"elementor elementor-125\">\n\t\t\t\t\t\t<div class=\"elementor-inner\">\n\t\t\t\t<div class=\"elementor-section-wrap\">\n\t\t\t\t\t\t\t\t\t<section class=\"elementor-section elementor-top-section elementor-element elementor-element-c1aab3f elementor-section-boxed elementor-section-height-default elementor-section-height-default\" data-id=\"c1aab3f\" data-element_type=\"section\">\n\t\t\t\t\t\t<div class=\"elementor-container elementor-column-gap-default\">\n\t\t\t\t\t\t\t<div class=\"elementor-row\">\n\t\t\t\t\t<div class=\"aux-parallax-section elementor-column elementor-col-50 elementor-top-column elementor-element elementor-element-aa88c56\" data-id=\"aa88c56\" data-element_type=\"column\">\n\t\t\t<div class=\"elementor-column-wrap elementor-element-populated\">\n\t\t\t\t\t\t\t<div class=\"elementor-widget-wrap\">\n\t\t\t\t\t\t<div class=\"elementor-element elementor-element-3e9a38d elementor-widget elementor-widget-aux_modern_heading\" data-id=\"3e9a38d\" data-element_type=\"widget\" data-widget_type=\"aux_modern_heading.default\">\n\t\t\t\t<div class=\"elementor-widget-container\">\n\t\t\t<section class=\"aux-widget-modern-heading\">\n            <div class=\"aux-widget-inner\"><h2 class=\"aux-modern-heading-primary\">About Us<\/h2><div class=\"aux-modern-heading-divider\"><\/div><\/div>\n        <\/section>\t\t<\/div>\n\t\t\t\t<\/div>\n\t\t\t\t<div class=\"elementor-element elementor-element-ef746e3 elementor-widget__width-auto elementor-widget elementor-widget-image\" data-id=\"ef746e3\" data-element_type=\"widget\" data-widget_type=\"image.default\">\n\t\t\t\t<div class=\"elementor-widget-container\">\n\t\t\t\t\t\t\t\t<div class=\"elementor-image\">\n\t\t\t\t\t\t\t\t\t\t\t\t<img loading=\"lazy\" decoding=\"async\" width=\"370\" height=\"554\" src=\"https:\/\/iletenmetalkaplama.com\/wp-content\/uploads\/2022\/05\/hakkimizda-3.jpg\" class=\"attachment-large size-large\" alt=\"\" \/>\t\t\t\t\t\t\t\t\t\t\t\t\t\t<\/div>\n\t\t\t\t\t\t<\/div>\n\t\t\t\t<\/div>\n\t\t\t\t\t\t<\/div>\n\t\t\t\t\t<\/div>\n\t\t<\/div>\n\t\t\t\t<div class=\"aux-parallax-section elementor-column elementor-col-50 elementor-top-column elementor-element elementor-element-5dd7226\" data-id=\"5dd7226\" data-element_type=\"column\">\n\t\t\t<div class=\"elementor-column-wrap elementor-element-populated\">\n\t\t\t\t\t\t\t<div class=\"elementor-widget-wrap\">\n\t\t\t\t\t\t<div class=\"elementor-element elementor-element-b0ffd39 elementor-widget elementor-widget-text-editor\" data-id=\"b0ffd39\" data-element_type=\"widget\" data-widget_type=\"text-editor.default\">\n\t\t\t\t<div class=\"elementor-widget-container\">\n\t\t\t\t\t\t\t\t<div class=\"elementor-text-editor elementor-clearfix\">\n\t\t\t\t<p>TuV NORD Sertifika ISO 9001-2015<br \/><br \/>\u0130leten Metal Coating was established in 2005 in Camdibi, Izmir. \u0130leten Metal Coating adopts corporate identity awareness, innovation, and creative approach. Our coating factory was established on an area of 3000 m2 in Kemalpa\u015fa in 2017.<\/p><p>Customer satisfaction is paramount for us. The company aims to provide reliable and sustainable service in the coating industry by providing high-quality products. Production is environmentally friendly thanks to chemicals that do not contain PFOA and PFOA salts. These chemicals are also by Reach and RoHS standards and their suitability has been proven with IMDS entries.<\/p><p>Customer satisfaction is paramount for us. The company aims to provide reliable and sustainable service in the coating industry by providing high-quality products.<\/p><p>Production is environmentally friendly thanks to chemicals that do not contain PFOA and PFOA salts. These chemicals are also by Reach and RoHS standards and their suitability has been proven with IMDS entries.<\/p><p>\u0130leten Metal Kaplama b\u00fcnyesinde; Alkali \u00c7inko-Nikel (ZnNi), Alkali \u00c7inko (Zn), G\u00fcm\u00fc\u015f (Ag), Aluminyum \u00fczeri kapamalar (G\u00fcm\u00fc\u015f, Nikel, Kalay, Bak\u0131r), Paslanmaz \u00fczeri kaplamalar, Nikel (Ni), Kalay, Ak\u0131ms\u0131z Nikel, Bak\u0131r, Eloksal kaplama \u00e7e\u015fitlerinde dolap ve ask\u0131 uygulamalar\u0131 yap\u0131lmaktad\u0131r.<\/p><p>The requirements of the IATF 16949:2016 standard are applied in all processes of our company. In this context, continuous improvement studies are carried out, kaizen, 5S, 6 Sigma etc. instruments are actively used.<\/p>\t\t\t\t\t<\/div>\n\t\t\t\t\t\t<\/div>\n\t\t\t\t<\/div>\n\t\t\t\t\t\t<\/div>\n\t\t\t\t\t<\/div>\n\t\t<\/div>\n\t\t\t\t\t\t\t\t<\/div>\n\t\t\t\t\t<\/div>\n\t\t<\/section>\n\t\t\t\t<section class=\"elementor-section elementor-top-section elementor-element elementor-element-1f5b572 elementor-section-boxed elementor-section-height-default elementor-section-height-default\" data-id=\"1f5b572\" data-element_type=\"section\">\n\t\t\t\t\t\t<div class=\"elementor-container elementor-column-gap-default\">\n\t\t\t\t\t\t\t<div class=\"elementor-row\">\n\t\t\t\t\t<div class=\"aux-parallax-section elementor-column elementor-col-50 elementor-top-column elementor-element elementor-element-72f391b\" data-id=\"72f391b\" data-element_type=\"column\">\n\t\t\t<div class=\"elementor-column-wrap elementor-element-populated\">\n\t\t\t\t\t\t\t<div class=\"elementor-widget-wrap\">\n\t\t\t\t\t\t<div class=\"elementor-element elementor-element-cc75d12 elementor-widget elementor-widget-image\" data-id=\"cc75d12\" data-element_type=\"widget\" data-widget_type=\"image.default\">\n\t\t\t\t<div class=\"elementor-widget-container\">\n\t\t\t\t\t\t\t\t<div class=\"elementor-image\">\n\t\t\t\t\t\t\t\t\t\t\t\t<img loading=\"lazy\" decoding=\"async\" width=\"370\" height=\"214\" src=\"https:\/\/iletenmetalkaplama.com\/wp-content\/uploads\/2022\/05\/hakkimizda-1.jpg\" class=\"attachment-large size-large\" alt=\"\" \/>\t\t\t\t\t\t\t\t\t\t\t\t\t\t<\/div>\n\t\t\t\t\t\t<\/div>\n\t\t\t\t<\/div>\n\t\t\t\t\t\t<\/div>\n\t\t\t\t\t<\/div>\n\t\t<\/div>\n\t\t\t\t<div class=\"aux-parallax-section elementor-column elementor-col-50 elementor-top-column elementor-element elementor-element-fa024f2\" data-id=\"fa024f2\" data-element_type=\"column\">\n\t\t\t<div class=\"elementor-column-wrap elementor-element-populated\">\n\t\t\t\t\t\t\t<div class=\"elementor-widget-wrap\">\n\t\t\t\t\t\t<div class=\"elementor-element elementor-element-77868dc elementor-widget elementor-widget-image\" data-id=\"77868dc\" data-element_type=\"widget\" data-widget_type=\"image.default\">\n\t\t\t\t<div class=\"elementor-widget-container\">\n\t\t\t\t\t\t\t\t<div class=\"elementor-image\">\n\t\t\t\t\t\t\t\t\t\t\t\t<img loading=\"lazy\" decoding=\"async\" width=\"370\" height=\"214\" src=\"https:\/\/iletenmetalkaplama.com\/wp-content\/uploads\/2022\/05\/hakkimizda-2.jpg\" class=\"attachment-large size-large\" alt=\"\" \/>\t\t\t\t\t\t\t\t\t\t\t\t\t\t<\/div>\n\t\t\t\t\t\t<\/div>\n\t\t\t\t<\/div>\n\t\t\t\t\t\t<\/div>\n\t\t\t\t\t<\/div>\n\t\t<\/div>\n\t\t\t\t\t\t\t\t<\/div>\n\t\t\t\t\t<\/div>\n\t\t<\/section>\n\t\t\t\t\t\t\t\t\t<\/div>\n\t\t\t<\/div>\n\t\t\t\t\t<\/div>","protected":false},"excerpt":{"rendered":"<p>Hakk\u0131m\u0131zda TuV NORD Sertifika ISO 9001-2015 \u0130leten Metal Kaplama 2005 y\u0131l\u0131nda \u00c7amdibi \u0130zmir\u2019de kurulmu\u015ftur. 2017 y\u0131l\u0131nda yapt\u0131\u011f\u0131 yat\u0131r\u0131mla Kemalpa\u015fa\u2019da 3000 m2 alanda kurulan faaliyet g\u00f6steren kaplama fabrikas\u0131nda, kurumsal kimlik bilinciyle, yenilik\u00e7i ve yarat\u0131c\u0131 yakla\u015f\u0131mlar sergilemektedir. M\u00fc\u015fteri beklentilerine i\u015f g\u00fcvenli\u011fi, \u00e7evre, kalite, sevkiyat ve maliyet konular\u0131na dikkat ederek, zaman\u0131nda, kaliteli ve en uygun \u015fartlarla kar\u015f\u0131l\u0131k vermekteyiz. [&hellip;]<\/p>","protected":false},"author":1,"featured_media":230,"parent":0,"menu_order":0,"comment_status":"closed","ping_status":"closed","template":"","meta":{"footnotes":""},"class_list":["post-125","page","type-page","status-publish","has-post-thumbnail","hentry"],"yoast_head":"<!-- This site is optimized with the Yoast SEO plugin v18.9 - https:\/\/yoast.com\/wordpress\/plugins\/seo\/ -->\n<title>Hakk\u0131m\u0131zda - \u0130leten Metal Kaplama M\u00fchendislik<\/title>\n<meta name=\"description\" content=\"\u0130leten Metal Kaplama, hakk\u0131m\u0131zda, tarih\u00e7emiz ve daha fazlas\u0131n\u0131 \u00f6\u011frenebilmek i\u00e7in, hakk\u0131m\u0131zda sayfas\u0131n\u0131 inceleyebilirsiniz.\" \/>\n<meta name=\"robots\" content=\"index, follow, max-snippet:-1, max-image-preview:large, max-video-preview:-1\" \/>\n<link rel=\"canonical\" href=\"https:\/\/iletenmetalkaplama.com\/en\/hakkimizda\/\" \/>\n<meta property=\"og:locale\" content=\"en_US\" \/>\n<meta property=\"og:type\" content=\"article\" \/>\n<meta property=\"og:title\" content=\"Hakk\u0131m\u0131zda - \u0130leten Metal Kaplama M\u00fchendislik\" \/>\n<meta property=\"og:description\" content=\"\u0130leten Metal Kaplama, hakk\u0131m\u0131zda, tarih\u00e7emiz ve daha fazlas\u0131n\u0131 \u00f6\u011frenebilmek i\u00e7in, hakk\u0131m\u0131zda sayfas\u0131n\u0131 inceleyebilirsiniz.\" \/>\n<meta property=\"og:url\" content=\"https:\/\/iletenmetalkaplama.com\/en\/hakkimizda\/\" \/>\n<meta property=\"og:site_name\" content=\"\u0130leten Metal Kaplama M\u00fchendislik\" \/>\n<meta property=\"article:modified_time\" content=\"2022-05-25T12:33:36+00:00\" \/>\n<meta property=\"og:image\" content=\"https:\/\/iletenmetalkaplama.com\/wp-content\/uploads\/2022\/05\/ileten-logo.png\" \/>\n\t<meta property=\"og:image:width\" content=\"164\" \/>\n\t<meta property=\"og:image:height\" content=\"100\" \/>\n\t<meta property=\"og:image:type\" content=\"image\/png\" \/>\n<meta name=\"twitter:card\" content=\"summary_large_image\" \/>\n<meta name=\"twitter:label1\" content=\"Est. reading time\" \/>\n\t<meta name=\"twitter:data1\" content=\"2 minutes\" \/>\n<script type=\"application\/ld+json\" class=\"yoast-schema-graph\">{\"@context\":\"https:\/\/schema.org\",\"@graph\":[{\"@type\":\"WebSite\",\"@id\":\"https:\/\/iletenmetalkaplama.com\/#website\",\"url\":\"https:\/\/iletenmetalkaplama.com\/\",\"name\":\"\u0130leten Metal Kaplama M\u00fchendislik\",\"description\":\"\u0130leten Metal Kaplama M\u00fchendislik\",\"potentialAction\":[{\"@type\":\"SearchAction\",\"target\":{\"@type\":\"EntryPoint\",\"urlTemplate\":\"https:\/\/iletenmetalkaplama.com\/?s={search_term_string}\"},\"query-input\":\"required name=search_term_string\"}],\"inLanguage\":\"en-US\"},{\"@type\":\"ImageObject\",\"inLanguage\":\"en-US\",\"@id\":\"https:\/\/iletenmetalkaplama.com\/hakkimizda\/#primaryimage\",\"url\":\"https:\/\/iletenmetalkaplama.com\/wp-content\/uploads\/2022\/05\/ileten-logo.png\",\"contentUrl\":\"https:\/\/iletenmetalkaplama.com\/wp-content\/uploads\/2022\/05\/ileten-logo.png\",\"width\":164,\"height\":100},{\"@type\":[\"WebPage\",\"AboutPage\"],\"@id\":\"https:\/\/iletenmetalkaplama.com\/hakkimizda\/#webpage\",\"url\":\"https:\/\/iletenmetalkaplama.com\/hakkimizda\/\",\"name\":\"Hakk\u0131m\u0131zda - \u0130leten Metal Kaplama M\u00fchendislik\",\"isPartOf\":{\"@id\":\"https:\/\/iletenmetalkaplama.com\/#website\"},\"primaryImageOfPage\":{\"@id\":\"https:\/\/iletenmetalkaplama.com\/hakkimizda\/#primaryimage\"},\"datePublished\":\"2022-05-18T14:12:46+00:00\",\"dateModified\":\"2022-05-25T12:33:36+00:00\",\"description\":\"\u0130leten Metal Kaplama, hakk\u0131m\u0131zda, tarih\u00e7emiz ve daha fazlas\u0131n\u0131 \u00f6\u011frenebilmek i\u00e7in, hakk\u0131m\u0131zda sayfas\u0131n\u0131 inceleyebilirsiniz.\",\"breadcrumb\":{\"@id\":\"https:\/\/iletenmetalkaplama.com\/hakkimizda\/#breadcrumb\"},\"inLanguage\":\"en-US\",\"potentialAction\":[{\"@type\":\"ReadAction\",\"target\":[\"https:\/\/iletenmetalkaplama.com\/hakkimizda\/\"]}]},{\"@type\":\"BreadcrumbList\",\"@id\":\"https:\/\/iletenmetalkaplama.com\/hakkimizda\/#breadcrumb\",\"itemListElement\":[{\"@type\":\"ListItem\",\"position\":1,\"name\":\"Anasayfa\",\"item\":\"https:\/\/iletenmetalkaplama.com\/\"},{\"@type\":\"ListItem\",\"position\":2,\"name\":\"Hakk\u0131m\u0131zda\"}]}]}<\/script>\n<!-- \/ Yoast SEO plugin. -->","yoast_head_json":{"title":"Hakk\u0131m\u0131zda - \u0130leten Metal Kaplama M\u00fchendislik","description":"\u0130leten Metal Kaplama, hakk\u0131m\u0131zda, tarih\u00e7emiz ve daha fazlas\u0131n\u0131 \u00f6\u011frenebilmek i\u00e7in, hakk\u0131m\u0131zda sayfas\u0131n\u0131 inceleyebilirsiniz.","robots":{"index":"index","follow":"follow","max-snippet":"max-snippet:-1","max-image-preview":"max-image-preview:large","max-video-preview":"max-video-preview:-1"},"canonical":"https:\/\/iletenmetalkaplama.com\/en\/hakkimizda\/","og_locale":"en_US","og_type":"article","og_title":"Hakk\u0131m\u0131zda - \u0130leten Metal Kaplama M\u00fchendislik","og_description":"\u0130leten Metal Kaplama, hakk\u0131m\u0131zda, tarih\u00e7emiz ve daha fazlas\u0131n\u0131 \u00f6\u011frenebilmek i\u00e7in, hakk\u0131m\u0131zda sayfas\u0131n\u0131 inceleyebilirsiniz.","og_url":"https:\/\/iletenmetalkaplama.com\/en\/hakkimizda\/","og_site_name":"\u0130leten Metal Kaplama M\u00fchendislik","article_modified_time":"2022-05-25T12:33:36+00:00","og_image":[{"width":164,"height":100,"url":"https:\/\/iletenmetalkaplama.com\/wp-content\/uploads\/2022\/05\/ileten-logo.png","type":"image\/png"}],"twitter_card":"summary_large_image","twitter_misc":{"Est. reading time":"2 minutes"},"schema":{"@context":"https:\/\/schema.org","@graph":[{"@type":"WebSite","@id":"https:\/\/iletenmetalkaplama.com\/#website","url":"https:\/\/iletenmetalkaplama.com\/","name":"\u0130leten Metal Kaplama M\u00fchendislik","description":"\u0130leten Metal Kaplama M\u00fchendislik","potentialAction":[{"@type":"SearchAction","target":{"@type":"EntryPoint","urlTemplate":"https:\/\/iletenmetalkaplama.com\/?s={search_term_string}"},"query-input":"required name=search_term_string"}],"inLanguage":"en-US"},{"@type":"ImageObject","inLanguage":"en-US","@id":"https:\/\/iletenmetalkaplama.com\/hakkimizda\/#primaryimage","url":"https:\/\/iletenmetalkaplama.com\/wp-content\/uploads\/2022\/05\/ileten-logo.png","contentUrl":"https:\/\/iletenmetalkaplama.com\/wp-content\/uploads\/2022\/05\/ileten-logo.png","width":164,"height":100},{"@type":["WebPage","AboutPage"],"@id":"https:\/\/iletenmetalkaplama.com\/hakkimizda\/#webpage","url":"https:\/\/iletenmetalkaplama.com\/hakkimizda\/","name":"Hakk\u0131m\u0131zda - \u0130leten Metal Kaplama M\u00fchendislik","isPartOf":{"@id":"https:\/\/iletenmetalkaplama.com\/#website"},"primaryImageOfPage":{"@id":"https:\/\/iletenmetalkaplama.com\/hakkimizda\/#primaryimage"},"datePublished":"2022-05-18T14:12:46+00:00","dateModified":"2022-05-25T12:33:36+00:00","description":"\u0130leten Metal Kaplama, hakk\u0131m\u0131zda, tarih\u00e7emiz ve daha fazlas\u0131n\u0131 \u00f6\u011frenebilmek i\u00e7in, hakk\u0131m\u0131zda sayfas\u0131n\u0131 inceleyebilirsiniz.","breadcrumb":{"@id":"https:\/\/iletenmetalkaplama.com\/hakkimizda\/#breadcrumb"},"inLanguage":"en-US","potentialAction":[{"@type":"ReadAction","target":["https:\/\/iletenmetalkaplama.com\/hakkimizda\/"]}]},{"@type":"BreadcrumbList","@id":"https:\/\/iletenmetalkaplama.com\/hakkimizda\/#breadcrumb","itemListElement":[{"@type":"ListItem","position":1,"name":"Anasayfa","item":"https:\/\/iletenmetalkaplama.com\/"},{"@type":"ListItem","position":2,"name":"Hakk\u0131m\u0131zda"}]}]}},"_links":{"self":[{"href":"https:\/\/iletenmetalkaplama.com\/en\/wp-json\/wp\/v2\/pages\/125","targetHints":{"allow":["GET"]}}],"collection":[{"href":"https:\/\/iletenmetalkaplama.com\/en\/wp-json\/wp\/v2\/pages"}],"about":[{"href":"https:\/\/iletenmetalkaplama.com\/en\/wp-json\/wp\/v2\/types\/page"}],"author":[{"embeddable":true,"href":"https:\/\/iletenmetalkaplama.com\/en\/wp-json\/wp\/v2\/users\/1"}],"replies":[{"embeddable":true,"href":"https:\/\/iletenmetalkaplama.com\/en\/wp-json\/wp\/v2\/comments?post=125"}],"version-history":[{"count":5,"href":"https:\/\/iletenmetalkaplama.com\/en\/wp-json\/wp\/v2\/pages\/125\/revisions"}],"predecessor-version":[{"id":705,"href":"https:\/\/iletenmetalkaplama.com\/en\/wp-json\/wp\/v2\/pages\/125\/revisions\/705"}],"wp:featuredmedia":[{"embeddable":true,"href":"https:\/\/iletenmetalkaplama.com\/en\/wp-json\/wp\/v2\/media\/230"}],"wp:attachment":[{"href":"https:\/\/iletenmetalkaplama.com\/en\/wp-json\/wp\/v2\/media?parent=125"}],"curies":[{"name":"wp","href":"https:\/\/api.w.org\/{rel}","templated":true}]}}