{"id":119,"date":"2022-05-18T17:12:46","date_gmt":"2022-05-18T14:12:46","guid":{"rendered":"https:\/\/i.iletenmetalkaplama.com\/?page_id=119"},"modified":"2022-05-18T17:12:46","modified_gmt":"2022-05-18T14:12:46","slug":"kurumsal","status":"publish","type":"page","link":"https:\/\/iletenmetalkaplama.com\/en\/kurumsal\/","title":{"rendered":"Corporate"},"content":{"rendered":"","protected":false},"excerpt":{"rendered":"","protected":false},"author":1,"featured_media":0,"parent":0,"menu_order":0,"comment_status":"closed","ping_status":"closed","template":"","meta":{"footnotes":""},"class_list":["post-119","page","type-page","status-publish","hentry"],"yoast_head":"<!-- This site is optimized with the Yoast SEO plugin v18.9 - https:\/\/yoast.com\/wordpress\/plugins\/seo\/ -->\n<title>Kurumsal - \u0130leten Metal Kaplama M\u00fchendislik<\/title>\n<meta name=\"robots\" content=\"index, follow, max-snippet:-1, max-image-preview:large, max-video-preview:-1\" \/>\n<link rel=\"canonical\" href=\"https:\/\/iletenmetalkaplama.com\/en\/kurumsal\/\" \/>\n<meta property=\"og:locale\" content=\"en_US\" \/>\n<meta property=\"og:type\" content=\"article\" \/>\n<meta property=\"og:title\" content=\"Kurumsal - \u0130leten Metal Kaplama M\u00fchendislik\" \/>\n<meta property=\"og:url\" content=\"https:\/\/iletenmetalkaplama.com\/en\/kurumsal\/\" \/>\n<meta property=\"og:site_name\" content=\"\u0130leten Metal Kaplama M\u00fchendislik\" \/>\n<meta name=\"twitter:card\" content=\"summary_large_image\" \/>\n<script type=\"application\/ld+json\" class=\"yoast-schema-graph\">{\"@context\":\"https:\/\/schema.org\",\"@graph\":[{\"@type\":\"WebSite\",\"@id\":\"https:\/\/iletenmetalkaplama.com\/#website\",\"url\":\"https:\/\/iletenmetalkaplama.com\/\",\"name\":\"\u0130leten Metal Kaplama M\u00fchendislik\",\"description\":\"\u0130leten Metal Kaplama M\u00fchendislik\",\"potentialAction\":[{\"@type\":\"SearchAction\",\"target\":{\"@type\":\"EntryPoint\",\"urlTemplate\":\"https:\/\/iletenmetalkaplama.com\/?s={search_term_string}\"},\"query-input\":\"required name=search_term_string\"}],\"inLanguage\":\"en-US\"},{\"@type\":\"WebPage\",\"@id\":\"https:\/\/iletenmetalkaplama.com\/kurumsal\/#webpage\",\"url\":\"https:\/\/iletenmetalkaplama.com\/kurumsal\/\",\"name\":\"Kurumsal - \u0130leten Metal Kaplama M\u00fchendislik\",\"isPartOf\":{\"@id\":\"https:\/\/iletenmetalkaplama.com\/#website\"},\"datePublished\":\"2022-05-18T14:12:46+00:00\",\"dateModified\":\"2022-05-18T14:12:46+00:00\",\"breadcrumb\":{\"@id\":\"https:\/\/iletenmetalkaplama.com\/kurumsal\/#breadcrumb\"},\"inLanguage\":\"en-US\",\"potentialAction\":[{\"@type\":\"ReadAction\",\"target\":[\"https:\/\/iletenmetalkaplama.com\/kurumsal\/\"]}]},{\"@type\":\"BreadcrumbList\",\"@id\":\"https:\/\/iletenmetalkaplama.com\/kurumsal\/#breadcrumb\",\"itemListElement\":[{\"@type\":\"ListItem\",\"position\":1,\"name\":\"Anasayfa\",\"item\":\"https:\/\/iletenmetalkaplama.com\/\"},{\"@type\":\"ListItem\",\"position\":2,\"name\":\"Kurumsal\"}]}]}<\/script>\n<!-- \/ Yoast SEO plugin. -->","yoast_head_json":{"title":"Kurumsal - \u0130leten Metal Kaplama M\u00fchendislik","robots":{"index":"index","follow":"follow","max-snippet":"max-snippet:-1","max-image-preview":"max-image-preview:large","max-video-preview":"max-video-preview:-1"},"canonical":"https:\/\/iletenmetalkaplama.com\/en\/kurumsal\/","og_locale":"en_US","og_type":"article","og_title":"Kurumsal - \u0130leten Metal Kaplama M\u00fchendislik","og_url":"https:\/\/iletenmetalkaplama.com\/en\/kurumsal\/","og_site_name":"\u0130leten Metal Kaplama M\u00fchendislik","twitter_card":"summary_large_image","schema":{"@context":"https:\/\/schema.org","@graph":[{"@type":"WebSite","@id":"https:\/\/iletenmetalkaplama.com\/#website","url":"https:\/\/iletenmetalkaplama.com\/","name":"\u0130leten Metal Kaplama M\u00fchendislik","description":"\u0130leten Metal Kaplama M\u00fchendislik","potentialAction":[{"@type":"SearchAction","target":{"@type":"EntryPoint","urlTemplate":"https:\/\/iletenmetalkaplama.com\/?s={search_term_string}"},"query-input":"required name=search_term_string"}],"inLanguage":"en-US"},{"@type":"WebPage","@id":"https:\/\/iletenmetalkaplama.com\/kurumsal\/#webpage","url":"https:\/\/iletenmetalkaplama.com\/kurumsal\/","name":"Kurumsal - \u0130leten Metal Kaplama M\u00fchendislik","isPartOf":{"@id":"https:\/\/iletenmetalkaplama.com\/#website"},"datePublished":"2022-05-18T14:12:46+00:00","dateModified":"2022-05-18T14:12:46+00:00","breadcrumb":{"@id":"https:\/\/iletenmetalkaplama.com\/kurumsal\/#breadcrumb"},"inLanguage":"en-US","potentialAction":[{"@type":"ReadAction","target":["https:\/\/iletenmetalkaplama.com\/kurumsal\/"]}]},{"@type":"BreadcrumbList","@id":"https:\/\/iletenmetalkaplama.com\/kurumsal\/#breadcrumb","itemListElement":[{"@type":"ListItem","position":1,"name":"Anasayfa","item":"https:\/\/iletenmetalkaplama.com\/"},{"@type":"ListItem","position":2,"name":"Kurumsal"}]}]}},"_links":{"self":[{"href":"https:\/\/iletenmetalkaplama.com\/en\/wp-json\/wp\/v2\/pages\/119","targetHints":{"allow":["GET"]}}],"collection":[{"href":"https:\/\/iletenmetalkaplama.com\/en\/wp-json\/wp\/v2\/pages"}],"about":[{"href":"https:\/\/iletenmetalkaplama.com\/en\/wp-json\/wp\/v2\/types\/page"}],"author":[{"embeddable":true,"href":"https:\/\/iletenmetalkaplama.com\/en\/wp-json\/wp\/v2\/users\/1"}],"replies":[{"embeddable":true,"href":"https:\/\/iletenmetalkaplama.com\/en\/wp-json\/wp\/v2\/comments?post=119"}],"version-history":[{"count":1,"href":"https:\/\/iletenmetalkaplama.com\/en\/wp-json\/wp\/v2\/pages\/119\/revisions"}],"predecessor-version":[{"id":153,"href":"https:\/\/iletenmetalkaplama.com\/en\/wp-json\/wp\/v2\/pages\/119\/revisions\/153"}],"wp:attachment":[{"href":"https:\/\/iletenmetalkaplama.com\/en\/wp-json\/wp\/v2\/media?parent=119"}],"curies":[{"name":"wp","href":"https:\/\/api.w.org\/{rel}","templated":true}]}}